{"id":3856,"date":"2024-05-22T19:07:15","date_gmt":"2024-05-22T17:07:15","guid":{"rendered":"https:\/\/alepuoti.fi\/?post_type=product&#038;p=3856"},"modified":"2026-01-26T13:03:49","modified_gmt":"2026-01-26T11:03:49","slug":"hybriditrimmeri-parranajokone-remington","status":"publish","type":"product","link":"https:\/\/alepuoti.fi\/?product=hybriditrimmeri-parranajokone-remington","title":{"rendered":"Hybriditrimmeri-parranajokone, Remington"},"content":{"rendered":"","protected":false},"excerpt":{"rendered":"<p>Langaton ja vedenpit\u00e4v\u00e4 DuraBlade partatrimmeri<br \/>\nMukana 4 kampaa. 1,2,4, ja 6 mm<br \/>\n60 minuutin k\u00e4ytt\u00f6aika<br \/>\nKest\u00e4v\u00e4t ikuisuuster\u00e4t<\/p>\n","protected":false},"featured_media":4208,"template":"","meta":{"_monsterinsights_skip_tracking":false,"_monsterinsights_sitenote_active":false,"_monsterinsights_sitenote_note":"","_monsterinsights_sitenote_category":0,"_uf_show_specific_survey":0,"_uf_disable_surveys":false},"product_brand":[],"product_cat":[66],"product_tag":[],"class_list":{"0":"post-3856","1":"product","2":"type-product","3":"status-publish","4":"has-post-thumbnail","6":"product_cat-kauneus-hyvinvointi","8":"first","9":"instock","10":"taxable","11":"shipping-taxable","12":"purchasable","13":"product-type-simple"},"aioseo_notices":[],"_links":{"self":[{"href":"https:\/\/alepuoti.fi\/index.php?rest_route=\/wp\/v2\/product\/3856","targetHints":{"allow":["GET"]}}],"collection":[{"href":"https:\/\/alepuoti.fi\/index.php?rest_route=\/wp\/v2\/product"}],"about":[{"href":"https:\/\/alepuoti.fi\/index.php?rest_route=\/wp\/v2\/types\/product"}],"version-history":[{"count":3,"href":"https:\/\/alepuoti.fi\/index.php?rest_route=\/wp\/v2\/product\/3856\/revisions"}],"predecessor-version":[{"id":4260,"href":"https:\/\/alepuoti.fi\/index.php?rest_route=\/wp\/v2\/product\/3856\/revisions\/4260"}],"wp:featuredmedia":[{"embeddable":true,"href":"https:\/\/alepuoti.fi\/index.php?rest_route=\/wp\/v2\/media\/4208"}],"wp:attachment":[{"href":"https:\/\/alepuoti.fi\/index.php?rest_route=%2Fwp%2Fv2%2Fmedia&parent=3856"}],"wp:term":[{"taxonomy":"product_brand","embeddable":true,"href":"https:\/\/alepuoti.fi\/index.php?rest_route=%2Fwp%2Fv2%2Fproduct_brand&post=3856"},{"taxonomy":"product_cat","embeddable":true,"href":"https:\/\/alepuoti.fi\/index.php?rest_route=%2Fwp%2Fv2%2Fproduct_cat&post=3856"},{"taxonomy":"product_tag","embeddable":true,"href":"https:\/\/alepuoti.fi\/index.php?rest_route=%2Fwp%2Fv2%2Fproduct_tag&post=3856"}],"curies":[{"name":"wp","href":"https:\/\/api.w.org\/{rel}","templated":true}]}}