{"id":3852,"date":"2024-05-22T19:07:15","date_gmt":"2024-05-22T17:07:15","guid":{"rendered":"https:\/\/alepuoti.fi\/?post_type=product&#038;p=3852"},"modified":"2026-01-26T12:55:17","modified_gmt":"2026-01-26T10:55:17","slug":"magneettitaulu-talo-lintu-kortilla","status":"publish","type":"product","link":"https:\/\/alepuoti.fi\/?product=magneettitaulu-talo-lintu-kortilla","title":{"rendered":"Magneettitaulu, talo lintu-kortilla"},"content":{"rendered":"","protected":false},"excerpt":{"rendered":"<p>Miiko Talo magneettitaulu<br \/>\nKoko: 21 x 33 cm<br \/>\nSis\u00e4lt\u00e4\u00e4 3 magneettia avaimille, 5 magneettia muistilapuille sek\u00e4 3 ruuvia ja korotusrengasta kiinnityst\u00e4 varten.<br \/>\nValmistettu Suomessa.<\/p>\n","protected":false},"featured_media":4206,"template":"","meta":{"_monsterinsights_skip_tracking":false,"_monsterinsights_sitenote_active":false,"_monsterinsights_sitenote_note":"","_monsterinsights_sitenote_category":0,"_uf_show_specific_survey":0,"_uf_disable_surveys":false},"product_brand":[],"product_cat":[63],"product_tag":[],"class_list":{"0":"post-3852","1":"product","2":"type-product","3":"status-publish","4":"has-post-thumbnail","6":"product_cat-sisustus","8":"first","9":"instock","10":"taxable","11":"shipping-taxable","12":"purchasable","13":"product-type-simple"},"aioseo_notices":[],"_links":{"self":[{"href":"https:\/\/alepuoti.fi\/index.php?rest_route=\/wp\/v2\/product\/3852","targetHints":{"allow":["GET"]}}],"collection":[{"href":"https:\/\/alepuoti.fi\/index.php?rest_route=\/wp\/v2\/product"}],"about":[{"href":"https:\/\/alepuoti.fi\/index.php?rest_route=\/wp\/v2\/types\/product"}],"version-history":[{"count":3,"href":"https:\/\/alepuoti.fi\/index.php?rest_route=\/wp\/v2\/product\/3852\/revisions"}],"predecessor-version":[{"id":4258,"href":"https:\/\/alepuoti.fi\/index.php?rest_route=\/wp\/v2\/product\/3852\/revisions\/4258"}],"wp:featuredmedia":[{"embeddable":true,"href":"https:\/\/alepuoti.fi\/index.php?rest_route=\/wp\/v2\/media\/4206"}],"wp:attachment":[{"href":"https:\/\/alepuoti.fi\/index.php?rest_route=%2Fwp%2Fv2%2Fmedia&parent=3852"}],"wp:term":[{"taxonomy":"product_brand","embeddable":true,"href":"https:\/\/alepuoti.fi\/index.php?rest_route=%2Fwp%2Fv2%2Fproduct_brand&post=3852"},{"taxonomy":"product_cat","embeddable":true,"href":"https:\/\/alepuoti.fi\/index.php?rest_route=%2Fwp%2Fv2%2Fproduct_cat&post=3852"},{"taxonomy":"product_tag","embeddable":true,"href":"https:\/\/alepuoti.fi\/index.php?rest_route=%2Fwp%2Fv2%2Fproduct_tag&post=3852"}],"curies":[{"name":"wp","href":"https:\/\/api.w.org\/{rel}","templated":true}]}}