{"id":3844,"date":"2024-05-22T19:07:15","date_gmt":"2024-05-22T17:07:15","guid":{"rendered":"https:\/\/alepuoti.fi\/?post_type=product&#038;p=3844"},"modified":"2026-01-26T11:34:14","modified_gmt":"2026-01-26T09:34:14","slug":"polkupyoran-lukko-stanley","status":"publish","type":"product","link":"https:\/\/alepuoti.fi\/?product=polkupyoran-lukko-stanley","title":{"rendered":"Polkupy\u00f6r\u00e4n lukko, Stanley"},"content":{"rendered":"","protected":false},"excerpt":{"rendered":"<p>Korkean turvaluokan polkupy\u00f6r\u00e4n kaarilukko \u00d814&#215;247.<\/p>\n","protected":false},"featured_media":4221,"template":"","meta":{"_monsterinsights_skip_tracking":false,"_monsterinsights_sitenote_active":false,"_monsterinsights_sitenote_note":"","_monsterinsights_sitenote_category":0,"_uf_show_specific_survey":0,"_uf_disable_surveys":false},"product_brand":[],"product_cat":[64],"product_tag":[],"class_list":{"0":"post-3844","1":"product","2":"type-product","3":"status-publish","4":"has-post-thumbnail","6":"product_cat-turvallisuus","8":"first","9":"instock","10":"taxable","11":"shipping-taxable","12":"purchasable","13":"product-type-simple"},"aioseo_notices":[],"_links":{"self":[{"href":"https:\/\/alepuoti.fi\/index.php?rest_route=\/wp\/v2\/product\/3844","targetHints":{"allow":["GET"]}}],"collection":[{"href":"https:\/\/alepuoti.fi\/index.php?rest_route=\/wp\/v2\/product"}],"about":[{"href":"https:\/\/alepuoti.fi\/index.php?rest_route=\/wp\/v2\/types\/product"}],"version-history":[{"count":3,"href":"https:\/\/alepuoti.fi\/index.php?rest_route=\/wp\/v2\/product\/3844\/revisions"}],"predecessor-version":[{"id":4248,"href":"https:\/\/alepuoti.fi\/index.php?rest_route=\/wp\/v2\/product\/3844\/revisions\/4248"}],"wp:featuredmedia":[{"embeddable":true,"href":"https:\/\/alepuoti.fi\/index.php?rest_route=\/wp\/v2\/media\/4221"}],"wp:attachment":[{"href":"https:\/\/alepuoti.fi\/index.php?rest_route=%2Fwp%2Fv2%2Fmedia&parent=3844"}],"wp:term":[{"taxonomy":"product_brand","embeddable":true,"href":"https:\/\/alepuoti.fi\/index.php?rest_route=%2Fwp%2Fv2%2Fproduct_brand&post=3844"},{"taxonomy":"product_cat","embeddable":true,"href":"https:\/\/alepuoti.fi\/index.php?rest_route=%2Fwp%2Fv2%2Fproduct_cat&post=3844"},{"taxonomy":"product_tag","embeddable":true,"href":"https:\/\/alepuoti.fi\/index.php?rest_route=%2Fwp%2Fv2%2Fproduct_tag&post=3844"}],"curies":[{"name":"wp","href":"https:\/\/api.w.org\/{rel}","templated":true}]}}