{"id":3841,"date":"2024-05-22T19:07:14","date_gmt":"2024-05-22T17:07:14","guid":{"rendered":"https:\/\/alepuoti.fi\/?post_type=product&#038;p=3841"},"modified":"2026-01-27T11:27:43","modified_gmt":"2026-01-27T09:27:43","slug":"taskutyokalu-victorinox","status":"publish","type":"product","link":"https:\/\/alepuoti.fi\/?product=taskutyokalu-victorinox","title":{"rendered":"Taskuty\u00f6kalu, Victorinox"},"content":{"rendered":"","protected":false},"excerpt":{"rendered":"<p>Victorinox Muumipeikko ja M\u00f6rk\u00f6 taskuty\u00f6kalu<br \/>\nOminaisuudet:<br \/>\n1. Pitk\u00e4 ter\u00e4<br \/>\n2. Lyhyt ter\u00e4<br \/>\n3. T\u00f6lkinavaaja<br \/>\n4. Ruuvari 3 mm<br \/>\n5. Johdonkuorija<br \/>\n6. Pullonavaaja<br \/>\n7. Ruuvari 5mm<br \/>\n8. Phillips-ruuvari<br \/>\n9. Koverrin<br \/>\n10. Rei\u2019itin<br \/>\n11. Avainrengas<br \/>\n12. Pinsetit<br \/>\n13. Hammastikku<\/p>\n","protected":false},"featured_media":4308,"template":"","meta":{"_monsterinsights_skip_tracking":false,"_monsterinsights_sitenote_active":false,"_monsterinsights_sitenote_note":"","_monsterinsights_sitenote_category":0,"_uf_show_specific_survey":0,"_uf_disable_surveys":false},"product_brand":[],"product_cat":[62],"product_tag":[],"class_list":{"0":"post-3841","1":"product","2":"type-product","3":"status-publish","4":"has-post-thumbnail","6":"product_cat-vapaa-aika","8":"first","9":"instock","10":"taxable","11":"shipping-taxable","12":"purchasable","13":"product-type-simple"},"aioseo_notices":[],"_links":{"self":[{"href":"https:\/\/alepuoti.fi\/index.php?rest_route=\/wp\/v2\/product\/3841","targetHints":{"allow":["GET"]}}],"collection":[{"href":"https:\/\/alepuoti.fi\/index.php?rest_route=\/wp\/v2\/product"}],"about":[{"href":"https:\/\/alepuoti.fi\/index.php?rest_route=\/wp\/v2\/types\/product"}],"version-history":[{"count":1,"href":"https:\/\/alepuoti.fi\/index.php?rest_route=\/wp\/v2\/product\/3841\/revisions"}],"predecessor-version":[{"id":4310,"href":"https:\/\/alepuoti.fi\/index.php?rest_route=\/wp\/v2\/product\/3841\/revisions\/4310"}],"wp:featuredmedia":[{"embeddable":true,"href":"https:\/\/alepuoti.fi\/index.php?rest_route=\/wp\/v2\/media\/4308"}],"wp:attachment":[{"href":"https:\/\/alepuoti.fi\/index.php?rest_route=%2Fwp%2Fv2%2Fmedia&parent=3841"}],"wp:term":[{"taxonomy":"product_brand","embeddable":true,"href":"https:\/\/alepuoti.fi\/index.php?rest_route=%2Fwp%2Fv2%2Fproduct_brand&post=3841"},{"taxonomy":"product_cat","embeddable":true,"href":"https:\/\/alepuoti.fi\/index.php?rest_route=%2Fwp%2Fv2%2Fproduct_cat&post=3841"},{"taxonomy":"product_tag","embeddable":true,"href":"https:\/\/alepuoti.fi\/index.php?rest_route=%2Fwp%2Fv2%2Fproduct_tag&post=3841"}],"curies":[{"name":"wp","href":"https:\/\/api.w.org\/{rel}","templated":true}]}}