{"id":3840,"date":"2024-05-22T19:07:14","date_gmt":"2024-05-22T17:07:14","guid":{"rendered":"https:\/\/alepuoti.fi\/?post_type=product&#038;p=3840"},"modified":"2026-01-30T13:34:20","modified_gmt":"2026-01-30T11:34:20","slug":"sadeviitta-pussissa","status":"publish","type":"product","link":"https:\/\/alepuoti.fi\/?product=sadeviitta-pussissa","title":{"rendered":"Sadeviitta, pussissa"},"content":{"rendered":"","protected":false},"excerpt":{"rendered":"<p>Tarrakiinnityksell\u00e4 oleva punainen sadeviitta, jonka saa kokonaan auki.<br \/>\nS\u00e4\u00e4dett\u00e4v\u00e4 huppu.<\/p>\n","protected":false},"featured_media":4385,"template":"","meta":{"_monsterinsights_skip_tracking":false,"_monsterinsights_sitenote_active":false,"_monsterinsights_sitenote_note":"","_monsterinsights_sitenote_category":0,"_uf_show_specific_survey":0,"_uf_disable_surveys":false},"product_brand":[],"product_cat":[65],"product_tag":[],"class_list":{"0":"post-3840","1":"product","2":"type-product","3":"status-publish","4":"has-post-thumbnail","6":"product_cat-asusteet","8":"first","9":"instock","10":"taxable","11":"shipping-taxable","12":"purchasable","13":"product-type-simple"},"aioseo_notices":[],"_links":{"self":[{"href":"https:\/\/alepuoti.fi\/index.php?rest_route=\/wp\/v2\/product\/3840","targetHints":{"allow":["GET"]}}],"collection":[{"href":"https:\/\/alepuoti.fi\/index.php?rest_route=\/wp\/v2\/product"}],"about":[{"href":"https:\/\/alepuoti.fi\/index.php?rest_route=\/wp\/v2\/types\/product"}],"version-history":[{"count":2,"href":"https:\/\/alepuoti.fi\/index.php?rest_route=\/wp\/v2\/product\/3840\/revisions"}],"predecessor-version":[{"id":4390,"href":"https:\/\/alepuoti.fi\/index.php?rest_route=\/wp\/v2\/product\/3840\/revisions\/4390"}],"wp:featuredmedia":[{"embeddable":true,"href":"https:\/\/alepuoti.fi\/index.php?rest_route=\/wp\/v2\/media\/4385"}],"wp:attachment":[{"href":"https:\/\/alepuoti.fi\/index.php?rest_route=%2Fwp%2Fv2%2Fmedia&parent=3840"}],"wp:term":[{"taxonomy":"product_brand","embeddable":true,"href":"https:\/\/alepuoti.fi\/index.php?rest_route=%2Fwp%2Fv2%2Fproduct_brand&post=3840"},{"taxonomy":"product_cat","embeddable":true,"href":"https:\/\/alepuoti.fi\/index.php?rest_route=%2Fwp%2Fv2%2Fproduct_cat&post=3840"},{"taxonomy":"product_tag","embeddable":true,"href":"https:\/\/alepuoti.fi\/index.php?rest_route=%2Fwp%2Fv2%2Fproduct_tag&post=3840"}],"curies":[{"name":"wp","href":"https:\/\/api.w.org\/{rel}","templated":true}]}}