{"id":3839,"date":"2024-05-22T19:07:14","date_gmt":"2024-05-22T17:07:14","guid":{"rendered":"https:\/\/alepuoti.fi\/?post_type=product&#038;p=3839"},"modified":"2026-01-27T10:23:25","modified_gmt":"2026-01-27T08:23:25","slug":"varavirtalahde-lcd-naytolla","status":"publish","type":"product","link":"https:\/\/alepuoti.fi\/?product=varavirtalahde-lcd-naytolla","title":{"rendered":"Varavirtal\u00e4hde LCD-n\u00e4yt\u00f6ll\u00e4"},"content":{"rendered":"","protected":false},"excerpt":{"rendered":"<p>VARTA virtapankki 13000mAh<br \/>\nLCD-n\u00e4ytt\u00f6<br \/>\nSis\u00e4lt\u00e4\u00e4 USB-kaapelin<\/p>\n","protected":false},"featured_media":4225,"template":"","meta":{"_monsterinsights_skip_tracking":false,"_monsterinsights_sitenote_active":false,"_monsterinsights_sitenote_note":"","_monsterinsights_sitenote_category":0,"_uf_show_specific_survey":0,"_uf_disable_surveys":false},"product_brand":[],"product_cat":[64],"product_tag":[],"class_list":{"0":"post-3839","1":"product","2":"type-product","3":"status-publish","4":"has-post-thumbnail","6":"product_cat-turvallisuus","8":"first","9":"instock","10":"taxable","11":"shipping-taxable","12":"purchasable","13":"product-type-simple"},"aioseo_notices":[],"_links":{"self":[{"href":"https:\/\/alepuoti.fi\/index.php?rest_route=\/wp\/v2\/product\/3839","targetHints":{"allow":["GET"]}}],"collection":[{"href":"https:\/\/alepuoti.fi\/index.php?rest_route=\/wp\/v2\/product"}],"about":[{"href":"https:\/\/alepuoti.fi\/index.php?rest_route=\/wp\/v2\/types\/product"}],"version-history":[{"count":2,"href":"https:\/\/alepuoti.fi\/index.php?rest_route=\/wp\/v2\/product\/3839\/revisions"}],"predecessor-version":[{"id":4298,"href":"https:\/\/alepuoti.fi\/index.php?rest_route=\/wp\/v2\/product\/3839\/revisions\/4298"}],"wp:featuredmedia":[{"embeddable":true,"href":"https:\/\/alepuoti.fi\/index.php?rest_route=\/wp\/v2\/media\/4225"}],"wp:attachment":[{"href":"https:\/\/alepuoti.fi\/index.php?rest_route=%2Fwp%2Fv2%2Fmedia&parent=3839"}],"wp:term":[{"taxonomy":"product_brand","embeddable":true,"href":"https:\/\/alepuoti.fi\/index.php?rest_route=%2Fwp%2Fv2%2Fproduct_brand&post=3839"},{"taxonomy":"product_cat","embeddable":true,"href":"https:\/\/alepuoti.fi\/index.php?rest_route=%2Fwp%2Fv2%2Fproduct_cat&post=3839"},{"taxonomy":"product_tag","embeddable":true,"href":"https:\/\/alepuoti.fi\/index.php?rest_route=%2Fwp%2Fv2%2Fproduct_tag&post=3839"}],"curies":[{"name":"wp","href":"https:\/\/api.w.org\/{rel}","templated":true}]}}