{"id":3832,"date":"2024-05-06T19:20:51","date_gmt":"2024-05-06T17:20:51","guid":{"rendered":"https:\/\/alepuoti.fi\/?post_type=product&#038;p=3832"},"modified":"2026-01-27T11:11:42","modified_gmt":"2026-01-27T09:11:42","slug":"kasilaukku-hirvennahkaa-miiko","status":"publish","type":"product","link":"https:\/\/alepuoti.fi\/?product=kasilaukku-hirvennahkaa-miiko","title":{"rendered":"K\u00e4silaukku, hirvennahkaa, Miiko"},"content":{"rendered":"","protected":false},"excerpt":{"rendered":"<p>Miiko Piilo laukku<br \/>\nKaksi vetoketjulla varustettua taskua ja lis\u00e4ksi n\u00e4iden v\u00e4liin j\u00e4\u00e4v\u00e4 vetoketjuton salatasku<br \/>\nMateriaali<strong>:<\/strong>\u00a0hirvennahka<strong><br \/>\n<\/strong>Koko<strong>:\u00a0<\/strong>22,5x14cm<br \/>\nHihnan pituus:\u00a0n. 120cm<br \/>\nV\u00e4ri<strong>:\u00a0<\/strong>musta<br \/>\nValmistettu Suomessa<\/p>\n","protected":false},"featured_media":4219,"template":"","meta":{"_monsterinsights_skip_tracking":false,"_monsterinsights_sitenote_active":false,"_monsterinsights_sitenote_note":"","_monsterinsights_sitenote_category":0,"_uf_show_specific_survey":0,"_uf_disable_surveys":false},"product_brand":[],"product_cat":[65],"product_tag":[],"class_list":{"0":"post-3832","1":"product","2":"type-product","3":"status-publish","4":"has-post-thumbnail","6":"product_cat-asusteet","8":"first","9":"instock","10":"taxable","11":"shipping-taxable","12":"purchasable","13":"product-type-simple"},"aioseo_notices":[],"_links":{"self":[{"href":"https:\/\/alepuoti.fi\/index.php?rest_route=\/wp\/v2\/product\/3832","targetHints":{"allow":["GET"]}}],"collection":[{"href":"https:\/\/alepuoti.fi\/index.php?rest_route=\/wp\/v2\/product"}],"about":[{"href":"https:\/\/alepuoti.fi\/index.php?rest_route=\/wp\/v2\/types\/product"}],"version-history":[{"count":1,"href":"https:\/\/alepuoti.fi\/index.php?rest_route=\/wp\/v2\/product\/3832\/revisions"}],"predecessor-version":[{"id":4306,"href":"https:\/\/alepuoti.fi\/index.php?rest_route=\/wp\/v2\/product\/3832\/revisions\/4306"}],"wp:featuredmedia":[{"embeddable":true,"href":"https:\/\/alepuoti.fi\/index.php?rest_route=\/wp\/v2\/media\/4219"}],"wp:attachment":[{"href":"https:\/\/alepuoti.fi\/index.php?rest_route=%2Fwp%2Fv2%2Fmedia&parent=3832"}],"wp:term":[{"taxonomy":"product_brand","embeddable":true,"href":"https:\/\/alepuoti.fi\/index.php?rest_route=%2Fwp%2Fv2%2Fproduct_brand&post=3832"},{"taxonomy":"product_cat","embeddable":true,"href":"https:\/\/alepuoti.fi\/index.php?rest_route=%2Fwp%2Fv2%2Fproduct_cat&post=3832"},{"taxonomy":"product_tag","embeddable":true,"href":"https:\/\/alepuoti.fi\/index.php?rest_route=%2Fwp%2Fv2%2Fproduct_tag&post=3832"}],"curies":[{"name":"wp","href":"https:\/\/api.w.org\/{rel}","templated":true}]}}