{"id":3805,"date":"2024-05-06T19:20:49","date_gmt":"2024-05-06T17:20:49","guid":{"rendered":"https:\/\/alepuoti.fi\/?post_type=product&#038;p=3805"},"modified":"2026-01-27T15:34:12","modified_gmt":"2026-01-27T13:34:12","slug":"monument-kaulakoru","status":"publish","type":"product","link":"https:\/\/alepuoti.fi\/?product=monument-kaulakoru","title":{"rendered":"Monument-kaulakoru"},"content":{"rendered":"","protected":false},"excerpt":{"rendered":"<p class=\"rich-text__heading title text-align-center \">Ylellinen Monument-korusarja on kultasepp\u00e4mestari Mika Tarkkasen k\u00e4sialaa. Malliston inspiraationa on toiminut vuonna 1967 valmistunut Eila Hiltusen Sibelius-monumentti. Korut olivat my\u00f6s osa maamme itsen\u00e4isyytt\u00e4 juhlistanutta Suomi 100 -kampanjaa.<br \/>\nRiipuksen mitat ovat 37 x 16 mm<br \/>\nKetjun kanssa kaulakorun kokonaismitta on 42-46,5 cm<\/p>\n<p>&nbsp;<\/p>\n","protected":false},"featured_media":3910,"template":"","meta":{"_monsterinsights_skip_tracking":false,"_monsterinsights_sitenote_active":false,"_monsterinsights_sitenote_note":"","_monsterinsights_sitenote_category":0,"_uf_show_specific_survey":0,"_uf_disable_surveys":false},"product_brand":[],"product_cat":[65],"product_tag":[],"class_list":{"0":"post-3805","1":"product","2":"type-product","3":"status-publish","4":"has-post-thumbnail","6":"product_cat-asusteet","8":"first","9":"instock","10":"taxable","11":"shipping-taxable","12":"purchasable","13":"product-type-simple"},"aioseo_notices":[],"_links":{"self":[{"href":"https:\/\/alepuoti.fi\/index.php?rest_route=\/wp\/v2\/product\/3805","targetHints":{"allow":["GET"]}}],"collection":[{"href":"https:\/\/alepuoti.fi\/index.php?rest_route=\/wp\/v2\/product"}],"about":[{"href":"https:\/\/alepuoti.fi\/index.php?rest_route=\/wp\/v2\/types\/product"}],"version-history":[{"count":3,"href":"https:\/\/alepuoti.fi\/index.php?rest_route=\/wp\/v2\/product\/3805\/revisions"}],"predecessor-version":[{"id":4340,"href":"https:\/\/alepuoti.fi\/index.php?rest_route=\/wp\/v2\/product\/3805\/revisions\/4340"}],"wp:featuredmedia":[{"embeddable":true,"href":"https:\/\/alepuoti.fi\/index.php?rest_route=\/wp\/v2\/media\/3910"}],"wp:attachment":[{"href":"https:\/\/alepuoti.fi\/index.php?rest_route=%2Fwp%2Fv2%2Fmedia&parent=3805"}],"wp:term":[{"taxonomy":"product_brand","embeddable":true,"href":"https:\/\/alepuoti.fi\/index.php?rest_route=%2Fwp%2Fv2%2Fproduct_brand&post=3805"},{"taxonomy":"product_cat","embeddable":true,"href":"https:\/\/alepuoti.fi\/index.php?rest_route=%2Fwp%2Fv2%2Fproduct_cat&post=3805"},{"taxonomy":"product_tag","embeddable":true,"href":"https:\/\/alepuoti.fi\/index.php?rest_route=%2Fwp%2Fv2%2Fproduct_tag&post=3805"}],"curies":[{"name":"wp","href":"https:\/\/api.w.org\/{rel}","templated":true}]}}