{"id":3804,"date":"2024-05-06T19:20:49","date_gmt":"2024-05-06T17:20:49","guid":{"rendered":"https:\/\/alepuoti.fi\/?post_type=product&#038;p=3804"},"modified":"2026-01-28T14:33:27","modified_gmt":"2026-01-28T12:33:27","slug":"kranssi-pannunalunen-verso-design","status":"publish","type":"product","link":"https:\/\/alepuoti.fi\/?product=kranssi-pannunalunen-verso-design","title":{"rendered":"Kranssi-pannunalunen Verso Design"},"content":{"rendered":"","protected":false},"excerpt":{"rendered":"<p>KRANSSI pannunalunen tehd\u00e4\u00e4n puupalloista (koivu). Yksinkertaisen tyylik\u00e4st\u00e4 KRANSSIA voi k\u00e4ytt\u00e4\u00e4 my\u00f6s koristeena.<\/p>\n<p>Materiaali: Koivu + 100% nahka<br \/>\nKoko: \u00d8 19 cm<\/p>\n","protected":false},"featured_media":3909,"template":"","meta":{"_monsterinsights_skip_tracking":false,"_monsterinsights_sitenote_active":false,"_monsterinsights_sitenote_note":"","_monsterinsights_sitenote_category":0,"_uf_show_specific_survey":0,"_uf_disable_surveys":false},"product_brand":[],"product_cat":[63],"product_tag":[],"class_list":{"0":"post-3804","1":"product","2":"type-product","3":"status-publish","4":"has-post-thumbnail","6":"product_cat-sisustus","8":"first","9":"instock","10":"taxable","11":"shipping-taxable","12":"purchasable","13":"product-type-simple"},"aioseo_notices":[],"_links":{"self":[{"href":"https:\/\/alepuoti.fi\/index.php?rest_route=\/wp\/v2\/product\/3804","targetHints":{"allow":["GET"]}}],"collection":[{"href":"https:\/\/alepuoti.fi\/index.php?rest_route=\/wp\/v2\/product"}],"about":[{"href":"https:\/\/alepuoti.fi\/index.php?rest_route=\/wp\/v2\/types\/product"}],"version-history":[{"count":2,"href":"https:\/\/alepuoti.fi\/index.php?rest_route=\/wp\/v2\/product\/3804\/revisions"}],"predecessor-version":[{"id":4343,"href":"https:\/\/alepuoti.fi\/index.php?rest_route=\/wp\/v2\/product\/3804\/revisions\/4343"}],"wp:featuredmedia":[{"embeddable":true,"href":"https:\/\/alepuoti.fi\/index.php?rest_route=\/wp\/v2\/media\/3909"}],"wp:attachment":[{"href":"https:\/\/alepuoti.fi\/index.php?rest_route=%2Fwp%2Fv2%2Fmedia&parent=3804"}],"wp:term":[{"taxonomy":"product_brand","embeddable":true,"href":"https:\/\/alepuoti.fi\/index.php?rest_route=%2Fwp%2Fv2%2Fproduct_brand&post=3804"},{"taxonomy":"product_cat","embeddable":true,"href":"https:\/\/alepuoti.fi\/index.php?rest_route=%2Fwp%2Fv2%2Fproduct_cat&post=3804"},{"taxonomy":"product_tag","embeddable":true,"href":"https:\/\/alepuoti.fi\/index.php?rest_route=%2Fwp%2Fv2%2Fproduct_tag&post=3804"}],"curies":[{"name":"wp","href":"https:\/\/api.w.org\/{rel}","templated":true}]}}