{"id":3800,"date":"2024-05-06T19:20:49","date_gmt":"2024-05-06T17:20:49","guid":{"rendered":"https:\/\/alepuoti.fi\/?post_type=product&#038;p=3800"},"modified":"2026-01-28T10:57:23","modified_gmt":"2026-01-28T08:57:23","slug":"terapiapallot-hierontaan-2-kpl","status":"publish","type":"product","link":"https:\/\/alepuoti.fi\/?product=terapiapallot-hierontaan-2-kpl","title":{"rendered":"Terapiapallot hierontaan, 2 kpl"},"content":{"rendered":"","protected":false},"excerpt":{"rendered":"<p>Terapiapallot ovat monipuolinen apuv\u00e4line koko kehon hoitoon. Pallojen avulla poistat lihaskireytt\u00e4, parannat verenkiertoa, aktivoit hermostoa ja teet puristusvoima- ja rentoutumisharjoituksia.<br \/>\nPakkauksessa 1 kpl nystyr\u00e4pallo \u00d8 75 mm ja 1 kpl kuminen lacrosse pallo \u00d8 65 mm.<\/p>\n","protected":false},"featured_media":3904,"template":"","meta":{"_monsterinsights_skip_tracking":false,"_monsterinsights_sitenote_active":false,"_monsterinsights_sitenote_note":"","_monsterinsights_sitenote_category":0,"_uf_show_specific_survey":0,"_uf_disable_surveys":false},"product_brand":[],"product_cat":[62],"product_tag":[],"class_list":{"0":"post-3800","1":"product","2":"type-product","3":"status-publish","4":"has-post-thumbnail","6":"product_cat-vapaa-aika","8":"first","9":"instock","10":"taxable","11":"shipping-taxable","12":"purchasable","13":"product-type-simple"},"aioseo_notices":[],"_links":{"self":[{"href":"https:\/\/alepuoti.fi\/index.php?rest_route=\/wp\/v2\/product\/3800","targetHints":{"allow":["GET"]}}],"collection":[{"href":"https:\/\/alepuoti.fi\/index.php?rest_route=\/wp\/v2\/product"}],"about":[{"href":"https:\/\/alepuoti.fi\/index.php?rest_route=\/wp\/v2\/types\/product"}],"version-history":[{"count":2,"href":"https:\/\/alepuoti.fi\/index.php?rest_route=\/wp\/v2\/product\/3800\/revisions"}],"predecessor-version":[{"id":4357,"href":"https:\/\/alepuoti.fi\/index.php?rest_route=\/wp\/v2\/product\/3800\/revisions\/4357"}],"wp:featuredmedia":[{"embeddable":true,"href":"https:\/\/alepuoti.fi\/index.php?rest_route=\/wp\/v2\/media\/3904"}],"wp:attachment":[{"href":"https:\/\/alepuoti.fi\/index.php?rest_route=%2Fwp%2Fv2%2Fmedia&parent=3800"}],"wp:term":[{"taxonomy":"product_brand","embeddable":true,"href":"https:\/\/alepuoti.fi\/index.php?rest_route=%2Fwp%2Fv2%2Fproduct_brand&post=3800"},{"taxonomy":"product_cat","embeddable":true,"href":"https:\/\/alepuoti.fi\/index.php?rest_route=%2Fwp%2Fv2%2Fproduct_cat&post=3800"},{"taxonomy":"product_tag","embeddable":true,"href":"https:\/\/alepuoti.fi\/index.php?rest_route=%2Fwp%2Fv2%2Fproduct_tag&post=3800"}],"curies":[{"name":"wp","href":"https:\/\/api.w.org\/{rel}","templated":true}]}}