{"id":3798,"date":"2024-05-06T19:20:49","date_gmt":"2024-05-06T17:20:49","guid":{"rendered":"https:\/\/alepuoti.fi\/?post_type=product&#038;p=3798"},"modified":"2026-01-30T13:34:10","modified_gmt":"2026-01-30T11:34:10","slug":"poytapeili-2-puoleinen","status":"publish","type":"product","link":"https:\/\/alepuoti.fi\/?product=poytapeili-2-puoleinen","title":{"rendered":"P\u00f6yt\u00e4peili, 2-puoleinen"},"content":{"rendered":"","protected":false},"excerpt":{"rendered":"<p>P\u00f6yt\u00e4peilien klassikko. Toisella puolen normaali peili ja toisella puolen suurentava peili.<br \/>\nHalkaisija 14,5 cm.<\/p>\n<p>&nbsp;<\/p>\n","protected":false},"featured_media":4025,"template":"","meta":{"_monsterinsights_skip_tracking":false,"_monsterinsights_sitenote_active":false,"_monsterinsights_sitenote_note":"","_monsterinsights_sitenote_category":0,"_uf_show_specific_survey":0,"_uf_disable_surveys":false},"product_brand":[],"product_cat":[222,221],"product_tag":[],"class_list":{"0":"post-3798","1":"product","2":"type-product","3":"status-publish","4":"has-post-thumbnail","6":"product_cat-hyvinvointi","7":"product_cat-kauneus","9":"first","10":"instock","11":"taxable","12":"shipping-taxable","13":"purchasable","14":"product-type-simple"},"aioseo_notices":[],"_links":{"self":[{"href":"https:\/\/alepuoti.fi\/index.php?rest_route=\/wp\/v2\/product\/3798","targetHints":{"allow":["GET"]}}],"collection":[{"href":"https:\/\/alepuoti.fi\/index.php?rest_route=\/wp\/v2\/product"}],"about":[{"href":"https:\/\/alepuoti.fi\/index.php?rest_route=\/wp\/v2\/types\/product"}],"version-history":[{"count":2,"href":"https:\/\/alepuoti.fi\/index.php?rest_route=\/wp\/v2\/product\/3798\/revisions"}],"predecessor-version":[{"id":4365,"href":"https:\/\/alepuoti.fi\/index.php?rest_route=\/wp\/v2\/product\/3798\/revisions\/4365"}],"wp:featuredmedia":[{"embeddable":true,"href":"https:\/\/alepuoti.fi\/index.php?rest_route=\/wp\/v2\/media\/4025"}],"wp:attachment":[{"href":"https:\/\/alepuoti.fi\/index.php?rest_route=%2Fwp%2Fv2%2Fmedia&parent=3798"}],"wp:term":[{"taxonomy":"product_brand","embeddable":true,"href":"https:\/\/alepuoti.fi\/index.php?rest_route=%2Fwp%2Fv2%2Fproduct_brand&post=3798"},{"taxonomy":"product_cat","embeddable":true,"href":"https:\/\/alepuoti.fi\/index.php?rest_route=%2Fwp%2Fv2%2Fproduct_cat&post=3798"},{"taxonomy":"product_tag","embeddable":true,"href":"https:\/\/alepuoti.fi\/index.php?rest_route=%2Fwp%2Fv2%2Fproduct_tag&post=3798"}],"curies":[{"name":"wp","href":"https:\/\/api.w.org\/{rel}","templated":true}]}}