{"id":3797,"date":"2024-05-06T19:20:49","date_gmt":"2024-05-06T17:20:49","guid":{"rendered":"https:\/\/alepuoti.fi\/?post_type=product&#038;p=3797"},"modified":"2026-01-30T13:34:40","modified_gmt":"2026-01-30T11:34:40","slug":"brainbox-maailma-peli","status":"publish","type":"product","link":"https:\/\/alepuoti.fi\/?product=brainbox-maailma-peli","title":{"rendered":"Brainbox: Maailma &#8211; peli"},"content":{"rendered":"","protected":false},"excerpt":{"rendered":"<p>Brainbox haastaa aivonystyr\u00e4si! Paina mieleesi maailma-aiheisten korttien yksityiskohtia ja vastaa oikein kysymyksiin!<\/p>\n<p>Hulvattoman hektisess\u00e4 Brainbox-peliss\u00e4 tarvitaan sek\u00e4 hyv\u00e4\u00e4 muistia ett\u00e4 nopeaa \u00e4ly\u00e4! Pyri ker\u00e4\u00e4m\u00e4\u00e4n mahdollisimman monta korttia painamalla muistiin maailma-aiheisten kuvien yksityiskohtia. Kun tiimalasin hiekka valuu loppuun, sinulta kysyt\u00e4\u00e4n kysymys kuvasta. Jos vastaat oikein, saat pit\u00e4\u00e4 kortin! Pelaa yksin tai yhdess\u00e4 toisten kanssa.<\/p>\n","protected":false},"featured_media":3901,"template":"","meta":{"_monsterinsights_skip_tracking":false,"_monsterinsights_sitenote_active":false,"_monsterinsights_sitenote_note":"","_monsterinsights_sitenote_category":0,"_uf_show_specific_survey":0,"_uf_disable_surveys":false},"product_brand":[],"product_cat":[62],"product_tag":[],"class_list":{"0":"post-3797","1":"product","2":"type-product","3":"status-publish","4":"has-post-thumbnail","6":"product_cat-vapaa-aika","8":"first","9":"instock","10":"taxable","11":"shipping-taxable","12":"purchasable","13":"product-type-simple"},"aioseo_notices":[],"_links":{"self":[{"href":"https:\/\/alepuoti.fi\/index.php?rest_route=\/wp\/v2\/product\/3797","targetHints":{"allow":["GET"]}}],"collection":[{"href":"https:\/\/alepuoti.fi\/index.php?rest_route=\/wp\/v2\/product"}],"about":[{"href":"https:\/\/alepuoti.fi\/index.php?rest_route=\/wp\/v2\/types\/product"}],"version-history":[{"count":3,"href":"https:\/\/alepuoti.fi\/index.php?rest_route=\/wp\/v2\/product\/3797\/revisions"}],"predecessor-version":[{"id":4350,"href":"https:\/\/alepuoti.fi\/index.php?rest_route=\/wp\/v2\/product\/3797\/revisions\/4350"}],"wp:featuredmedia":[{"embeddable":true,"href":"https:\/\/alepuoti.fi\/index.php?rest_route=\/wp\/v2\/media\/3901"}],"wp:attachment":[{"href":"https:\/\/alepuoti.fi\/index.php?rest_route=%2Fwp%2Fv2%2Fmedia&parent=3797"}],"wp:term":[{"taxonomy":"product_brand","embeddable":true,"href":"https:\/\/alepuoti.fi\/index.php?rest_route=%2Fwp%2Fv2%2Fproduct_brand&post=3797"},{"taxonomy":"product_cat","embeddable":true,"href":"https:\/\/alepuoti.fi\/index.php?rest_route=%2Fwp%2Fv2%2Fproduct_cat&post=3797"},{"taxonomy":"product_tag","embeddable":true,"href":"https:\/\/alepuoti.fi\/index.php?rest_route=%2Fwp%2Fv2%2Fproduct_tag&post=3797"}],"curies":[{"name":"wp","href":"https:\/\/api.w.org\/{rel}","templated":true}]}}