{"id":3793,"date":"2024-05-06T19:20:49","date_gmt":"2024-05-06T17:20:49","guid":{"rendered":"https:\/\/alepuoti.fi\/?post_type=product&#038;p=3793"},"modified":"2026-01-27T15:13:06","modified_gmt":"2026-01-27T13:13:06","slug":"luontoretki-peli","status":"publish","type":"product","link":"https:\/\/alepuoti.fi\/?product=luontoretki-peli","title":{"rendered":"Luontoretki-peli"},"content":{"rendered":"","protected":false},"excerpt":{"rendered":"<p>Kotipihan luontoretki tarjoaa leppoisaa ajanvietett\u00e4 pienille biologeille!<br \/>\nT\u00e4m\u00e4n puuhapaketin avulla tutustut liki sataan Suomen luonnon ihmeelliseen \u00f6t\u00f6kk\u00e4\u00e4n, el\u00e4imeen ja kasviin. Tarkkaile l\u00f6yt\u00e4mi\u00e4si eli\u00f6it\u00e4 suurennuslasilla, kirjaa havaintosi bongausvihkoon ja lue lis\u00e4tietoa k\u00e4tev\u00e4st\u00e4 tietoviuhkasta, joka kulkee helposti mukana havaintomatkoillasi. T\u00e4m\u00e4 luontoretki kest\u00e4\u00e4 koko kes\u00e4n!<br \/>\nSis\u00e4lt\u00f6: Tietoviuhka, 2 bongausvihkoa ja suurennuslasi<\/p>\n","protected":false},"featured_media":3897,"template":"","meta":{"_monsterinsights_skip_tracking":false,"_monsterinsights_sitenote_active":false,"_monsterinsights_sitenote_note":"","_monsterinsights_sitenote_category":0,"_uf_show_specific_survey":0,"_uf_disable_surveys":false},"product_brand":[],"product_cat":[62],"product_tag":[],"class_list":{"0":"post-3793","1":"product","2":"type-product","3":"status-publish","4":"has-post-thumbnail","6":"product_cat-vapaa-aika","8":"first","9":"instock","10":"taxable","11":"shipping-taxable","12":"purchasable","13":"product-type-simple"},"aioseo_notices":[],"_links":{"self":[{"href":"https:\/\/alepuoti.fi\/index.php?rest_route=\/wp\/v2\/product\/3793","targetHints":{"allow":["GET"]}}],"collection":[{"href":"https:\/\/alepuoti.fi\/index.php?rest_route=\/wp\/v2\/product"}],"about":[{"href":"https:\/\/alepuoti.fi\/index.php?rest_route=\/wp\/v2\/types\/product"}],"version-history":[{"count":1,"href":"https:\/\/alepuoti.fi\/index.php?rest_route=\/wp\/v2\/product\/3793\/revisions"}],"predecessor-version":[{"id":4336,"href":"https:\/\/alepuoti.fi\/index.php?rest_route=\/wp\/v2\/product\/3793\/revisions\/4336"}],"wp:featuredmedia":[{"embeddable":true,"href":"https:\/\/alepuoti.fi\/index.php?rest_route=\/wp\/v2\/media\/3897"}],"wp:attachment":[{"href":"https:\/\/alepuoti.fi\/index.php?rest_route=%2Fwp%2Fv2%2Fmedia&parent=3793"}],"wp:term":[{"taxonomy":"product_brand","embeddable":true,"href":"https:\/\/alepuoti.fi\/index.php?rest_route=%2Fwp%2Fv2%2Fproduct_brand&post=3793"},{"taxonomy":"product_cat","embeddable":true,"href":"https:\/\/alepuoti.fi\/index.php?rest_route=%2Fwp%2Fv2%2Fproduct_cat&post=3793"},{"taxonomy":"product_tag","embeddable":true,"href":"https:\/\/alepuoti.fi\/index.php?rest_route=%2Fwp%2Fv2%2Fproduct_tag&post=3793"}],"curies":[{"name":"wp","href":"https:\/\/api.w.org\/{rel}","templated":true}]}}