{"id":3788,"date":"2024-05-06T19:20:48","date_gmt":"2024-05-06T17:20:48","guid":{"rendered":"https:\/\/alepuoti.fi\/?post_type=product&#038;p=3788"},"modified":"2026-01-28T13:53:08","modified_gmt":"2026-01-28T11:53:08","slug":"veitsisarja-paul-bocuse","status":"publish","type":"product","link":"https:\/\/alepuoti.fi\/?product=veitsisarja-paul-bocuse","title":{"rendered":"Veitsisarja, Paul Bocuse"},"content":{"rendered":"","protected":false},"excerpt":{"rendered":"<p>T\u00e4m\u00e4 klassisen tyylinen veitsitukki sis\u00e4lt\u00e4\u00e4 viisi keitti\u00f6n t\u00e4rkeint\u00e4 ty\u00f6kalua: 20 cm kokkiveitsen, 20 cm leip\u00e4veitsen, 13 cm yleisveitsen, 10 cm kuorimaveitsen sek\u00e4 20 cm teroituspuikon. Kokonaisuus toimitetaan tyylikk\u00e4\u00e4ss\u00e4, yksil\u00f6llisesti suunnitellussa Paul Bocuse -lahjapakkauksessa.<\/p>\n","protected":false},"featured_media":4369,"template":"","meta":{"_monsterinsights_skip_tracking":false,"_monsterinsights_sitenote_active":false,"_monsterinsights_sitenote_note":"","_monsterinsights_sitenote_category":0,"_uf_show_specific_survey":0,"_uf_disable_surveys":false},"product_brand":[],"product_cat":[67],"product_tag":[],"class_list":{"0":"post-3788","1":"product","2":"type-product","3":"status-publish","4":"has-post-thumbnail","6":"product_cat-keitti","8":"first","9":"instock","10":"taxable","11":"shipping-taxable","12":"purchasable","13":"product-type-simple"},"aioseo_notices":[],"_links":{"self":[{"href":"https:\/\/alepuoti.fi\/index.php?rest_route=\/wp\/v2\/product\/3788","targetHints":{"allow":["GET"]}}],"collection":[{"href":"https:\/\/alepuoti.fi\/index.php?rest_route=\/wp\/v2\/product"}],"about":[{"href":"https:\/\/alepuoti.fi\/index.php?rest_route=\/wp\/v2\/types\/product"}],"version-history":[{"count":1,"href":"https:\/\/alepuoti.fi\/index.php?rest_route=\/wp\/v2\/product\/3788\/revisions"}],"predecessor-version":[{"id":4371,"href":"https:\/\/alepuoti.fi\/index.php?rest_route=\/wp\/v2\/product\/3788\/revisions\/4371"}],"wp:featuredmedia":[{"embeddable":true,"href":"https:\/\/alepuoti.fi\/index.php?rest_route=\/wp\/v2\/media\/4369"}],"wp:attachment":[{"href":"https:\/\/alepuoti.fi\/index.php?rest_route=%2Fwp%2Fv2%2Fmedia&parent=3788"}],"wp:term":[{"taxonomy":"product_brand","embeddable":true,"href":"https:\/\/alepuoti.fi\/index.php?rest_route=%2Fwp%2Fv2%2Fproduct_brand&post=3788"},{"taxonomy":"product_cat","embeddable":true,"href":"https:\/\/alepuoti.fi\/index.php?rest_route=%2Fwp%2Fv2%2Fproduct_cat&post=3788"},{"taxonomy":"product_tag","embeddable":true,"href":"https:\/\/alepuoti.fi\/index.php?rest_route=%2Fwp%2Fv2%2Fproduct_tag&post=3788"}],"curies":[{"name":"wp","href":"https:\/\/api.w.org\/{rel}","templated":true}]}}