{"id":3787,"date":"2024-05-06T19:20:48","date_gmt":"2024-05-06T17:20:48","guid":{"rendered":"https:\/\/alepuoti.fi\/?post_type=product&#038;p=3787"},"modified":"2026-01-28T10:46:42","modified_gmt":"2026-01-28T08:46:42","slug":"taittolapio","status":"publish","type":"product","link":"https:\/\/alepuoti.fi\/?product=taittolapio","title":{"rendered":"Taittolapio"},"content":{"rendered":"","protected":false},"excerpt":{"rendered":"<p>Kevyt ja kest\u00e4v\u00e4, kokoontaitettava lapio retkille. Ter\u00e4n materiaali kuumak\u00e4sitelty\u00e4 hiiliter\u00e4st\u00e4, varsi nylonia. Mukana kantopussi.<br \/>\nOminaisuudet:<br \/>\nLapion pituus 59 cm, kokoontaitettuna 24 cm<br \/>\nTer\u00e4n koko 220 x 150 x 1,5mm<br \/>\nPaino 1kg<\/p>\n","protected":false},"featured_media":3891,"template":"","meta":{"_monsterinsights_skip_tracking":false,"_monsterinsights_sitenote_active":false,"_monsterinsights_sitenote_note":"","_monsterinsights_sitenote_category":0,"_uf_show_specific_survey":0,"_uf_disable_surveys":false},"product_brand":[],"product_cat":[64],"product_tag":[],"class_list":{"0":"post-3787","1":"product","2":"type-product","3":"status-publish","4":"has-post-thumbnail","6":"product_cat-turvallisuus","8":"first","9":"instock","10":"taxable","11":"shipping-taxable","12":"purchasable","13":"product-type-simple"},"aioseo_notices":[],"_links":{"self":[{"href":"https:\/\/alepuoti.fi\/index.php?rest_route=\/wp\/v2\/product\/3787","targetHints":{"allow":["GET"]}}],"collection":[{"href":"https:\/\/alepuoti.fi\/index.php?rest_route=\/wp\/v2\/product"}],"about":[{"href":"https:\/\/alepuoti.fi\/index.php?rest_route=\/wp\/v2\/types\/product"}],"version-history":[{"count":2,"href":"https:\/\/alepuoti.fi\/index.php?rest_route=\/wp\/v2\/product\/3787\/revisions"}],"predecessor-version":[{"id":4353,"href":"https:\/\/alepuoti.fi\/index.php?rest_route=\/wp\/v2\/product\/3787\/revisions\/4353"}],"wp:featuredmedia":[{"embeddable":true,"href":"https:\/\/alepuoti.fi\/index.php?rest_route=\/wp\/v2\/media\/3891"}],"wp:attachment":[{"href":"https:\/\/alepuoti.fi\/index.php?rest_route=%2Fwp%2Fv2%2Fmedia&parent=3787"}],"wp:term":[{"taxonomy":"product_brand","embeddable":true,"href":"https:\/\/alepuoti.fi\/index.php?rest_route=%2Fwp%2Fv2%2Fproduct_brand&post=3787"},{"taxonomy":"product_cat","embeddable":true,"href":"https:\/\/alepuoti.fi\/index.php?rest_route=%2Fwp%2Fv2%2Fproduct_cat&post=3787"},{"taxonomy":"product_tag","embeddable":true,"href":"https:\/\/alepuoti.fi\/index.php?rest_route=%2Fwp%2Fv2%2Fproduct_tag&post=3787"}],"curies":[{"name":"wp","href":"https:\/\/api.w.org\/{rel}","templated":true}]}}