{"id":3785,"date":"2024-05-06T19:20:48","date_gmt":"2024-05-06T17:20:48","guid":{"rendered":"https:\/\/alepuoti.fi\/?post_type=product&#038;p=3785"},"modified":"2026-01-30T13:38:07","modified_gmt":"2026-01-30T11:38:07","slug":"teleskooppilamppu-magneetilla","status":"publish","type":"product","link":"https:\/\/alepuoti.fi\/?product=teleskooppilamppu-magneetilla","title":{"rendered":"Teleskooppilamppu magneetilla"},"content":{"rendered":"","protected":false},"excerpt":{"rendered":"<p>Taskulamppu taipuisalla ja teleskooppisella varrella<br \/>\nMolemmissa p\u00e4iss\u00e4 olevat magneetit ovat k\u00e4tev\u00e4 ty\u00f6kalu metalliesineiden poimimiseen ahtaista paikoista<\/p>\n","protected":false},"featured_media":3888,"template":"","meta":{"_monsterinsights_skip_tracking":false,"_monsterinsights_sitenote_active":false,"_monsterinsights_sitenote_note":"","_monsterinsights_sitenote_category":0,"_uf_show_specific_survey":0,"_uf_disable_surveys":false},"product_brand":[],"product_cat":[62],"product_tag":[],"class_list":{"0":"post-3785","1":"product","2":"type-product","3":"status-publish","4":"has-post-thumbnail","6":"product_cat-vapaa-aika","8":"first","9":"instock","10":"taxable","11":"shipping-taxable","12":"purchasable","13":"product-type-simple"},"aioseo_notices":[],"_links":{"self":[{"href":"https:\/\/alepuoti.fi\/index.php?rest_route=\/wp\/v2\/product\/3785","targetHints":{"allow":["GET"]}}],"collection":[{"href":"https:\/\/alepuoti.fi\/index.php?rest_route=\/wp\/v2\/product"}],"about":[{"href":"https:\/\/alepuoti.fi\/index.php?rest_route=\/wp\/v2\/types\/product"}],"version-history":[{"count":2,"href":"https:\/\/alepuoti.fi\/index.php?rest_route=\/wp\/v2\/product\/3785\/revisions"}],"predecessor-version":[{"id":4355,"href":"https:\/\/alepuoti.fi\/index.php?rest_route=\/wp\/v2\/product\/3785\/revisions\/4355"}],"wp:featuredmedia":[{"embeddable":true,"href":"https:\/\/alepuoti.fi\/index.php?rest_route=\/wp\/v2\/media\/3888"}],"wp:attachment":[{"href":"https:\/\/alepuoti.fi\/index.php?rest_route=%2Fwp%2Fv2%2Fmedia&parent=3785"}],"wp:term":[{"taxonomy":"product_brand","embeddable":true,"href":"https:\/\/alepuoti.fi\/index.php?rest_route=%2Fwp%2Fv2%2Fproduct_brand&post=3785"},{"taxonomy":"product_cat","embeddable":true,"href":"https:\/\/alepuoti.fi\/index.php?rest_route=%2Fwp%2Fv2%2Fproduct_cat&post=3785"},{"taxonomy":"product_tag","embeddable":true,"href":"https:\/\/alepuoti.fi\/index.php?rest_route=%2Fwp%2Fv2%2Fproduct_tag&post=3785"}],"curies":[{"name":"wp","href":"https:\/\/api.w.org\/{rel}","templated":true}]}}