{"id":3784,"date":"2024-05-06T19:20:48","date_gmt":"2024-05-06T17:20:48","guid":{"rendered":"https:\/\/alepuoti.fi\/?post_type=product&#038;p=3784"},"modified":"2026-01-28T11:57:06","modified_gmt":"2026-01-28T09:57:06","slug":"kuorimaveitsisarja-3-os-victorinox","status":"publish","type":"product","link":"https:\/\/alepuoti.fi\/?product=kuorimaveitsisarja-3-os-victorinox","title":{"rendered":"Kuorimaveitsisarja 3 os, Victorinox"},"content":{"rendered":"","protected":false},"excerpt":{"rendered":"<p>Victorinox Swiss Classic Kuorimaveitsisetti<br \/>\nSis\u00e4lt\u00e4\u00e4 kaksi kuorimaveist\u00e4 (suorater\u00e4inen ja sahalaitainen) ja yleiskuorijan<br \/>\nKorkealaatuiset ja ergonomisesti muotoillut punaiset kahvat<br \/>\nKonepest\u00e4v\u00e4<\/p>\n","protected":false},"featured_media":3886,"template":"","meta":{"_monsterinsights_skip_tracking":false,"_monsterinsights_sitenote_active":false,"_monsterinsights_sitenote_note":"","_monsterinsights_sitenote_category":0,"_uf_show_specific_survey":0,"_uf_disable_surveys":false},"product_brand":[],"product_cat":[67],"product_tag":[],"class_list":{"0":"post-3784","1":"product","2":"type-product","3":"status-publish","4":"has-post-thumbnail","6":"product_cat-keitti","8":"first","9":"instock","10":"taxable","11":"shipping-taxable","12":"purchasable","13":"product-type-simple"},"aioseo_notices":[],"_links":{"self":[{"href":"https:\/\/alepuoti.fi\/index.php?rest_route=\/wp\/v2\/product\/3784","targetHints":{"allow":["GET"]}}],"collection":[{"href":"https:\/\/alepuoti.fi\/index.php?rest_route=\/wp\/v2\/product"}],"about":[{"href":"https:\/\/alepuoti.fi\/index.php?rest_route=\/wp\/v2\/types\/product"}],"version-history":[{"count":2,"href":"https:\/\/alepuoti.fi\/index.php?rest_route=\/wp\/v2\/product\/3784\/revisions"}],"predecessor-version":[{"id":4368,"href":"https:\/\/alepuoti.fi\/index.php?rest_route=\/wp\/v2\/product\/3784\/revisions\/4368"}],"wp:featuredmedia":[{"embeddable":true,"href":"https:\/\/alepuoti.fi\/index.php?rest_route=\/wp\/v2\/media\/3886"}],"wp:attachment":[{"href":"https:\/\/alepuoti.fi\/index.php?rest_route=%2Fwp%2Fv2%2Fmedia&parent=3784"}],"wp:term":[{"taxonomy":"product_brand","embeddable":true,"href":"https:\/\/alepuoti.fi\/index.php?rest_route=%2Fwp%2Fv2%2Fproduct_brand&post=3784"},{"taxonomy":"product_cat","embeddable":true,"href":"https:\/\/alepuoti.fi\/index.php?rest_route=%2Fwp%2Fv2%2Fproduct_cat&post=3784"},{"taxonomy":"product_tag","embeddable":true,"href":"https:\/\/alepuoti.fi\/index.php?rest_route=%2Fwp%2Fv2%2Fproduct_tag&post=3784"}],"curies":[{"name":"wp","href":"https:\/\/api.w.org\/{rel}","templated":true}]}}