{"id":3779,"date":"2024-05-06T19:20:48","date_gmt":"2024-05-06T17:20:48","guid":{"rendered":"https:\/\/alepuoti.fi\/?post_type=product&#038;p=3779"},"modified":"2026-01-30T13:35:47","modified_gmt":"2026-01-30T11:35:47","slug":"alias-sananselityspeli","status":"publish","type":"product","link":"https:\/\/alepuoti.fi\/?product=alias-sananselityspeli","title":{"rendered":"Alias- sananselityspeli"},"content":{"rendered":"","protected":false},"excerpt":{"rendered":"<p>Aitoa ja alkuper\u00e4ist\u00e4 Aliasta pelataan joukkueessa, ja ensimm\u00e4inen joukkue maalissa voittaa. Peliss\u00e4 on 3200 selitett\u00e4v\u00e4\u00e4 sanaa, joten sit\u00e4 ei pelata loppuun aivan hetkess\u00e4.<br \/>\nPelaajia: 4+<br \/>\nIk\u00e4suositus: 7+<\/p>\n","protected":false},"featured_media":3875,"template":"","meta":{"_monsterinsights_skip_tracking":false,"_monsterinsights_sitenote_active":false,"_monsterinsights_sitenote_note":"","_monsterinsights_sitenote_category":0,"_uf_show_specific_survey":0,"_uf_disable_surveys":false},"product_brand":[],"product_cat":[62],"product_tag":[],"class_list":{"0":"post-3779","1":"product","2":"type-product","3":"status-publish","4":"has-post-thumbnail","6":"product_cat-vapaa-aika","8":"first","9":"instock","10":"taxable","11":"shipping-taxable","12":"purchasable","13":"product-type-simple"},"aioseo_notices":[],"_links":{"self":[{"href":"https:\/\/alepuoti.fi\/index.php?rest_route=\/wp\/v2\/product\/3779","targetHints":{"allow":["GET"]}}],"collection":[{"href":"https:\/\/alepuoti.fi\/index.php?rest_route=\/wp\/v2\/product"}],"about":[{"href":"https:\/\/alepuoti.fi\/index.php?rest_route=\/wp\/v2\/types\/product"}],"version-history":[{"count":1,"href":"https:\/\/alepuoti.fi\/index.php?rest_route=\/wp\/v2\/product\/3779\/revisions"}],"predecessor-version":[{"id":4361,"href":"https:\/\/alepuoti.fi\/index.php?rest_route=\/wp\/v2\/product\/3779\/revisions\/4361"}],"wp:featuredmedia":[{"embeddable":true,"href":"https:\/\/alepuoti.fi\/index.php?rest_route=\/wp\/v2\/media\/3875"}],"wp:attachment":[{"href":"https:\/\/alepuoti.fi\/index.php?rest_route=%2Fwp%2Fv2%2Fmedia&parent=3779"}],"wp:term":[{"taxonomy":"product_brand","embeddable":true,"href":"https:\/\/alepuoti.fi\/index.php?rest_route=%2Fwp%2Fv2%2Fproduct_brand&post=3779"},{"taxonomy":"product_cat","embeddable":true,"href":"https:\/\/alepuoti.fi\/index.php?rest_route=%2Fwp%2Fv2%2Fproduct_cat&post=3779"},{"taxonomy":"product_tag","embeddable":true,"href":"https:\/\/alepuoti.fi\/index.php?rest_route=%2Fwp%2Fv2%2Fproduct_tag&post=3779"}],"curies":[{"name":"wp","href":"https:\/\/api.w.org\/{rel}","templated":true}]}}