{"id":3777,"date":"2024-05-06T19:13:55","date_gmt":"2024-05-06T17:13:55","guid":{"rendered":"https:\/\/alepuoti.fi\/?post_type=product&#038;p=3777"},"modified":"2026-01-30T13:31:37","modified_gmt":"2026-01-30T11:31:37","slug":"istutuslapio-blackdecker","status":"publish","type":"product","link":"https:\/\/alepuoti.fi\/?product=istutuslapio-blackdecker","title":{"rendered":"Istutuslapio, Black&#038;Decker"},"content":{"rendered":"","protected":false},"excerpt":{"rendered":"<p>Kest\u00e4v\u00e4 muovinen lapio p\u00e4ivitt\u00e4iseen k\u00e4ytt\u00f6\u00f6n<br \/>\nLapiossa k\u00e4tev\u00e4 reik\u00e4 ripustamista varten<br \/>\nLeve\u00e4 malli<\/p>\n","protected":false},"featured_media":3872,"template":"","meta":{"_monsterinsights_skip_tracking":false,"_monsterinsights_sitenote_active":false,"_monsterinsights_sitenote_note":"","_monsterinsights_sitenote_category":0,"_uf_show_specific_survey":0,"_uf_disable_surveys":false},"product_brand":[],"product_cat":[62],"product_tag":[],"class_list":{"0":"post-3777","1":"product","2":"type-product","3":"status-publish","4":"has-post-thumbnail","6":"product_cat-vapaa-aika","8":"first","9":"instock","10":"taxable","11":"shipping-taxable","12":"purchasable","13":"product-type-simple"},"aioseo_notices":[],"_links":{"self":[{"href":"https:\/\/alepuoti.fi\/index.php?rest_route=\/wp\/v2\/product\/3777","targetHints":{"allow":["GET"]}}],"collection":[{"href":"https:\/\/alepuoti.fi\/index.php?rest_route=\/wp\/v2\/product"}],"about":[{"href":"https:\/\/alepuoti.fi\/index.php?rest_route=\/wp\/v2\/types\/product"}],"version-history":[{"count":2,"href":"https:\/\/alepuoti.fi\/index.php?rest_route=\/wp\/v2\/product\/3777\/revisions"}],"predecessor-version":[{"id":4362,"href":"https:\/\/alepuoti.fi\/index.php?rest_route=\/wp\/v2\/product\/3777\/revisions\/4362"}],"wp:featuredmedia":[{"embeddable":true,"href":"https:\/\/alepuoti.fi\/index.php?rest_route=\/wp\/v2\/media\/3872"}],"wp:attachment":[{"href":"https:\/\/alepuoti.fi\/index.php?rest_route=%2Fwp%2Fv2%2Fmedia&parent=3777"}],"wp:term":[{"taxonomy":"product_brand","embeddable":true,"href":"https:\/\/alepuoti.fi\/index.php?rest_route=%2Fwp%2Fv2%2Fproduct_brand&post=3777"},{"taxonomy":"product_cat","embeddable":true,"href":"https:\/\/alepuoti.fi\/index.php?rest_route=%2Fwp%2Fv2%2Fproduct_cat&post=3777"},{"taxonomy":"product_tag","embeddable":true,"href":"https:\/\/alepuoti.fi\/index.php?rest_route=%2Fwp%2Fv2%2Fproduct_tag&post=3777"}],"curies":[{"name":"wp","href":"https:\/\/api.w.org\/{rel}","templated":true}]}}