{"id":2680,"date":"2021-07-06T08:58:46","date_gmt":"2021-07-06T06:58:46","guid":{"rendered":"https:\/\/alepuoti.fi\/product\/palovaroitin-kupu\/"},"modified":"2025-03-26T13:59:35","modified_gmt":"2025-03-26T11:59:35","slug":"palovaroitin-kupu","status":"publish","type":"product","link":"https:\/\/alepuoti.fi\/?product=palovaroitin-kupu","title":{"rendered":"Palovaroitin Kupu, Jalo Helsinki"},"content":{"rendered":"","protected":false},"excerpt":{"rendered":"<h5>Kupu palovaroitin, Jalo Helsinki<br \/>\nSuunnittelija: Harri Koskinen<br \/>\nMateriaali: tekstiilip\u00e4\u00e4llyste<br \/>\nV\u00e4ri: valkoinen<br \/>\nPakkaus sis\u00e4lt\u00e4\u00e4 5 vuoden litium-paristot.<\/h5>\n","protected":false},"featured_media":2807,"template":"","meta":{"_monsterinsights_skip_tracking":false,"_monsterinsights_sitenote_active":false,"_monsterinsights_sitenote_note":"","_monsterinsights_sitenote_category":0,"_uf_show_specific_survey":0,"_uf_disable_surveys":false},"product_brand":[],"product_cat":[60,64],"product_tag":[],"class_list":{"0":"post-2680","1":"product","2":"type-product","3":"status-publish","4":"has-post-thumbnail","6":"product_cat-kaikki","7":"product_cat-turvallisuus","9":"first","10":"outofstock","11":"taxable","12":"shipping-taxable","13":"purchasable","14":"product-type-simple"},"aioseo_notices":[],"_links":{"self":[{"href":"https:\/\/alepuoti.fi\/index.php?rest_route=\/wp\/v2\/product\/2680","targetHints":{"allow":["GET"]}}],"collection":[{"href":"https:\/\/alepuoti.fi\/index.php?rest_route=\/wp\/v2\/product"}],"about":[{"href":"https:\/\/alepuoti.fi\/index.php?rest_route=\/wp\/v2\/types\/product"}],"version-history":[{"count":8,"href":"https:\/\/alepuoti.fi\/index.php?rest_route=\/wp\/v2\/product\/2680\/revisions"}],"predecessor-version":[{"id":3384,"href":"https:\/\/alepuoti.fi\/index.php?rest_route=\/wp\/v2\/product\/2680\/revisions\/3384"}],"wp:featuredmedia":[{"embeddable":true,"href":"https:\/\/alepuoti.fi\/index.php?rest_route=\/wp\/v2\/media\/2807"}],"wp:attachment":[{"href":"https:\/\/alepuoti.fi\/index.php?rest_route=%2Fwp%2Fv2%2Fmedia&parent=2680"}],"wp:term":[{"taxonomy":"product_brand","embeddable":true,"href":"https:\/\/alepuoti.fi\/index.php?rest_route=%2Fwp%2Fv2%2Fproduct_brand&post=2680"},{"taxonomy":"product_cat","embeddable":true,"href":"https:\/\/alepuoti.fi\/index.php?rest_route=%2Fwp%2Fv2%2Fproduct_cat&post=2680"},{"taxonomy":"product_tag","embeddable":true,"href":"https:\/\/alepuoti.fi\/index.php?rest_route=%2Fwp%2Fv2%2Fproduct_tag&post=2680"}],"curies":[{"name":"wp","href":"https:\/\/api.w.org\/{rel}","templated":true}]}}