{"id":2671,"date":"2021-07-06T08:58:45","date_gmt":"2021-07-06T06:58:45","guid":{"rendered":"https:\/\/alepuoti.fi\/product\/click-and-grow-yrttipuutarha\/"},"modified":"2026-01-26T10:50:02","modified_gmt":"2026-01-26T08:50:02","slug":"click-and-grow-yrttipuutarha","status":"publish","type":"product","link":"https:\/\/alepuoti.fi\/?product=click-and-grow-yrttipuutarha","title":{"rendered":"Yrttipuutarha Click and Grow"},"content":{"rendered":"","protected":false},"excerpt":{"rendered":"<h5>Yrttipuutarha huolehtii kasveista automaattisesti varmistamalla, ett\u00e4 niill\u00e4 on riitt\u00e4v\u00e4sti vett\u00e4, valoa ja ravinteita. Paketti sis\u00e4lt\u00e4\u00e4 3 erilaista basilika patruunaa.<br \/>\nLaita virtajohto kiinni, t\u00e4yt\u00e4 vesis\u00e4ili\u00f6, lis\u00e4\u00e4 yrttipatruunat- valmista!<\/h5>\n","protected":false},"featured_media":2816,"template":"","meta":{"_monsterinsights_skip_tracking":false,"_monsterinsights_sitenote_active":false,"_monsterinsights_sitenote_note":"","_monsterinsights_sitenote_category":0,"_uf_show_specific_survey":0,"_uf_disable_surveys":false},"product_brand":[],"product_cat":[60,67],"product_tag":[],"class_list":{"0":"post-2671","1":"product","2":"type-product","3":"status-publish","4":"has-post-thumbnail","6":"product_cat-kaikki","7":"product_cat-keitti","9":"first","10":"instock","11":"taxable","12":"shipping-taxable","13":"purchasable","14":"product-type-simple"},"aioseo_notices":[],"_links":{"self":[{"href":"https:\/\/alepuoti.fi\/index.php?rest_route=\/wp\/v2\/product\/2671","targetHints":{"allow":["GET"]}}],"collection":[{"href":"https:\/\/alepuoti.fi\/index.php?rest_route=\/wp\/v2\/product"}],"about":[{"href":"https:\/\/alepuoti.fi\/index.php?rest_route=\/wp\/v2\/types\/product"}],"version-history":[{"count":5,"href":"https:\/\/alepuoti.fi\/index.php?rest_route=\/wp\/v2\/product\/2671\/revisions"}],"predecessor-version":[{"id":3416,"href":"https:\/\/alepuoti.fi\/index.php?rest_route=\/wp\/v2\/product\/2671\/revisions\/3416"}],"wp:featuredmedia":[{"embeddable":true,"href":"https:\/\/alepuoti.fi\/index.php?rest_route=\/wp\/v2\/media\/2816"}],"wp:attachment":[{"href":"https:\/\/alepuoti.fi\/index.php?rest_route=%2Fwp%2Fv2%2Fmedia&parent=2671"}],"wp:term":[{"taxonomy":"product_brand","embeddable":true,"href":"https:\/\/alepuoti.fi\/index.php?rest_route=%2Fwp%2Fv2%2Fproduct_brand&post=2671"},{"taxonomy":"product_cat","embeddable":true,"href":"https:\/\/alepuoti.fi\/index.php?rest_route=%2Fwp%2Fv2%2Fproduct_cat&post=2671"},{"taxonomy":"product_tag","embeddable":true,"href":"https:\/\/alepuoti.fi\/index.php?rest_route=%2Fwp%2Fv2%2Fproduct_tag&post=2671"}],"curies":[{"name":"wp","href":"https:\/\/api.w.org\/{rel}","templated":true}]}}