{"id":2644,"date":"2021-07-06T08:58:39","date_gmt":"2021-07-06T06:58:39","guid":{"rendered":"https:\/\/alepuoti.fi\/product\/yleiskuorija-victorinox\/"},"modified":"2026-01-26T11:03:41","modified_gmt":"2026-01-26T09:03:41","slug":"yleiskuorija-victorinox","status":"publish","type":"product","link":"https:\/\/alepuoti.fi\/?product=yleiskuorija-victorinox","title":{"rendered":"Yleiskuorija Victorinox"},"content":{"rendered":"","protected":false},"excerpt":{"rendered":"<h5>Victorinoxin laadukas sahater\u00e4inen yleiskuorija. Konepest\u00e4v\u00e4<\/h5>\n","protected":false},"featured_media":3007,"template":"","meta":{"_monsterinsights_skip_tracking":false,"_monsterinsights_sitenote_active":false,"_monsterinsights_sitenote_note":"","_monsterinsights_sitenote_category":0,"_uf_show_specific_survey":0,"_uf_disable_surveys":false},"product_brand":[],"product_cat":[60,67],"product_tag":[],"class_list":{"0":"post-2644","1":"product","2":"type-product","3":"status-publish","4":"has-post-thumbnail","6":"product_cat-kaikki","7":"product_cat-keitti","9":"first","10":"instock","11":"taxable","12":"shipping-taxable","13":"purchasable","14":"product-type-simple"},"aioseo_notices":[],"_links":{"self":[{"href":"https:\/\/alepuoti.fi\/index.php?rest_route=\/wp\/v2\/product\/2644","targetHints":{"allow":["GET"]}}],"collection":[{"href":"https:\/\/alepuoti.fi\/index.php?rest_route=\/wp\/v2\/product"}],"about":[{"href":"https:\/\/alepuoti.fi\/index.php?rest_route=\/wp\/v2\/types\/product"}],"version-history":[{"count":3,"href":"https:\/\/alepuoti.fi\/index.php?rest_route=\/wp\/v2\/product\/2644\/revisions"}],"predecessor-version":[{"id":3514,"href":"https:\/\/alepuoti.fi\/index.php?rest_route=\/wp\/v2\/product\/2644\/revisions\/3514"}],"wp:featuredmedia":[{"embeddable":true,"href":"https:\/\/alepuoti.fi\/index.php?rest_route=\/wp\/v2\/media\/3007"}],"wp:attachment":[{"href":"https:\/\/alepuoti.fi\/index.php?rest_route=%2Fwp%2Fv2%2Fmedia&parent=2644"}],"wp:term":[{"taxonomy":"product_brand","embeddable":true,"href":"https:\/\/alepuoti.fi\/index.php?rest_route=%2Fwp%2Fv2%2Fproduct_brand&post=2644"},{"taxonomy":"product_cat","embeddable":true,"href":"https:\/\/alepuoti.fi\/index.php?rest_route=%2Fwp%2Fv2%2Fproduct_cat&post=2644"},{"taxonomy":"product_tag","embeddable":true,"href":"https:\/\/alepuoti.fi\/index.php?rest_route=%2Fwp%2Fv2%2Fproduct_tag&post=2644"}],"curies":[{"name":"wp","href":"https:\/\/api.w.org\/{rel}","templated":true}]}}