{"id":2637,"date":"2021-07-06T08:58:38","date_gmt":"2021-07-06T06:58:38","guid":{"rendered":"https:\/\/alepuoti.fi\/product\/karahvi-viilentv-magisso\/"},"modified":"2026-01-26T11:14:42","modified_gmt":"2026-01-26T09:14:42","slug":"karahvi-viilentv-magisso","status":"publish","type":"product","link":"https:\/\/alepuoti.fi\/?product=karahvi-viilentv-magisso","title":{"rendered":"Viilent\u00e4v\u00e4 karahvi, Magisso"},"content":{"rendered":"","protected":false},"excerpt":{"rendered":"<h5>Kastele karahvi kylm\u00e4ll\u00e4 vedell\u00e4 ja t\u00e4yt\u00e4 haluamallasi juomalla. Ulkopinnalta haihtuva vesi viilent\u00e4\u00e4 tehokkaasti karahvin ja juoman. Lasitettu sis\u00e4pinta est\u00e4\u00e4 juomaa imeytym\u00e4st\u00e4 astiaan ja pohjan lasitettu ulkopinta haihtuvaa vett\u00e4 kastelemasta p\u00f6yt\u00e4liinaa.<br \/>\nKotimainen designbr\u00e4ndi<br \/>\nKonepest\u00e4v\u00e4<br \/>\nVetoisuus: 1 l<\/h5>\n","protected":false},"featured_media":2875,"template":"","meta":{"_monsterinsights_skip_tracking":false,"_monsterinsights_sitenote_active":false,"_monsterinsights_sitenote_note":"","_monsterinsights_sitenote_category":0,"_uf_show_specific_survey":0,"_uf_disable_surveys":false},"product_brand":[],"product_cat":[60,67],"product_tag":[],"class_list":{"0":"post-2637","1":"product","2":"type-product","3":"status-publish","4":"has-post-thumbnail","6":"product_cat-kaikki","7":"product_cat-keitti","9":"first","10":"instock","11":"taxable","12":"shipping-taxable","13":"purchasable","14":"product-type-simple"},"aioseo_notices":[],"_links":{"self":[{"href":"https:\/\/alepuoti.fi\/index.php?rest_route=\/wp\/v2\/product\/2637","targetHints":{"allow":["GET"]}}],"collection":[{"href":"https:\/\/alepuoti.fi\/index.php?rest_route=\/wp\/v2\/product"}],"about":[{"href":"https:\/\/alepuoti.fi\/index.php?rest_route=\/wp\/v2\/types\/product"}],"version-history":[{"count":4,"href":"https:\/\/alepuoti.fi\/index.php?rest_route=\/wp\/v2\/product\/2637\/revisions"}],"predecessor-version":[{"id":3392,"href":"https:\/\/alepuoti.fi\/index.php?rest_route=\/wp\/v2\/product\/2637\/revisions\/3392"}],"wp:featuredmedia":[{"embeddable":true,"href":"https:\/\/alepuoti.fi\/index.php?rest_route=\/wp\/v2\/media\/2875"}],"wp:attachment":[{"href":"https:\/\/alepuoti.fi\/index.php?rest_route=%2Fwp%2Fv2%2Fmedia&parent=2637"}],"wp:term":[{"taxonomy":"product_brand","embeddable":true,"href":"https:\/\/alepuoti.fi\/index.php?rest_route=%2Fwp%2Fv2%2Fproduct_brand&post=2637"},{"taxonomy":"product_cat","embeddable":true,"href":"https:\/\/alepuoti.fi\/index.php?rest_route=%2Fwp%2Fv2%2Fproduct_cat&post=2637"},{"taxonomy":"product_tag","embeddable":true,"href":"https:\/\/alepuoti.fi\/index.php?rest_route=%2Fwp%2Fv2%2Fproduct_tag&post=2637"}],"curies":[{"name":"wp","href":"https:\/\/api.w.org\/{rel}","templated":true}]}}