{"id":2623,"date":"2021-07-06T08:58:35","date_gmt":"2021-07-06T06:58:35","guid":{"rendered":"https:\/\/alepuoti.fi\/product\/muffinivuoka-silikonia\/"},"modified":"2026-01-26T11:12:30","modified_gmt":"2026-01-26T09:12:30","slug":"muffinivuoka-silikonia","status":"publish","type":"product","link":"https:\/\/alepuoti.fi\/?product=muffinivuoka-silikonia","title":{"rendered":"Muffinivuoka, L\u00e9ku\u00e9"},"content":{"rendered":"","protected":false},"excerpt":{"rendered":"<h5>Minimuffinssivuoassa valmistat helposti 11 kappaletta makeita tai suolaisia leivonnaisia. Yhden kupin halkaisija on n. 5,3 cm, tilavuus n. 50 ml ja syvyys n. 3 cm. Vuoka kest\u00e4\u00e4 sek\u00e4 kylmi\u00e4 ett\u00e4 kuumia l\u00e4mp\u00f6tiloja (-60 \u00b0C:sta +220 \u00b0C:een), joten sit\u00e4 voi k\u00e4ytt\u00e4\u00e4 sek\u00e4 uunissa ett\u00e4 pakkasessa.<br \/>\nMateriaali: 100 % platinasilikonia.<\/h5>\n","protected":false},"featured_media":2917,"template":"","meta":{"_monsterinsights_skip_tracking":false,"_monsterinsights_sitenote_active":false,"_monsterinsights_sitenote_note":"","_monsterinsights_sitenote_category":0,"_uf_show_specific_survey":0,"_uf_disable_surveys":false},"product_brand":[],"product_cat":[60,67],"product_tag":[],"class_list":{"0":"post-2623","1":"product","2":"type-product","3":"status-publish","4":"has-post-thumbnail","6":"product_cat-kaikki","7":"product_cat-keitti","9":"first","10":"instock","11":"taxable","12":"shipping-taxable","13":"purchasable","14":"product-type-simple"},"aioseo_notices":[],"_links":{"self":[{"href":"https:\/\/alepuoti.fi\/index.php?rest_route=\/wp\/v2\/product\/2623","targetHints":{"allow":["GET"]}}],"collection":[{"href":"https:\/\/alepuoti.fi\/index.php?rest_route=\/wp\/v2\/product"}],"about":[{"href":"https:\/\/alepuoti.fi\/index.php?rest_route=\/wp\/v2\/types\/product"}],"version-history":[{"count":3,"href":"https:\/\/alepuoti.fi\/index.php?rest_route=\/wp\/v2\/product\/2623\/revisions"}],"predecessor-version":[{"id":3437,"href":"https:\/\/alepuoti.fi\/index.php?rest_route=\/wp\/v2\/product\/2623\/revisions\/3437"}],"wp:featuredmedia":[{"embeddable":true,"href":"https:\/\/alepuoti.fi\/index.php?rest_route=\/wp\/v2\/media\/2917"}],"wp:attachment":[{"href":"https:\/\/alepuoti.fi\/index.php?rest_route=%2Fwp%2Fv2%2Fmedia&parent=2623"}],"wp:term":[{"taxonomy":"product_brand","embeddable":true,"href":"https:\/\/alepuoti.fi\/index.php?rest_route=%2Fwp%2Fv2%2Fproduct_brand&post=2623"},{"taxonomy":"product_cat","embeddable":true,"href":"https:\/\/alepuoti.fi\/index.php?rest_route=%2Fwp%2Fv2%2Fproduct_cat&post=2623"},{"taxonomy":"product_tag","embeddable":true,"href":"https:\/\/alepuoti.fi\/index.php?rest_route=%2Fwp%2Fv2%2Fproduct_tag&post=2623"}],"curies":[{"name":"wp","href":"https:\/\/api.w.org\/{rel}","templated":true}]}}