{"id":2622,"date":"2021-07-06T08:58:35","date_gmt":"2021-07-06T06:58:35","guid":{"rendered":"https:\/\/alepuoti.fi\/product\/leivontamatto-silikonia\/"},"modified":"2026-01-26T11:12:40","modified_gmt":"2026-01-26T09:12:40","slug":"leivontamatto-silikonia","status":"publish","type":"product","link":"https:\/\/alepuoti.fi\/?product=leivontamatto-silikonia","title":{"rendered":"Leivontamatto, silikonia"},"content":{"rendered":"","protected":false},"excerpt":{"rendered":"<h5>Silikoninen leivontamatto on hygieeninen ja kest\u00e4v\u00e4. Lasikuiturakenne takaa, ett\u00e4 l\u00e4mp\u00f6 levi\u00e4\u00e4 ihanteellisesti ja kypsennys on nopeampi ja tasaisempi. Sopii hyvin my\u00f6s ty\u00f6alustaksi.<br \/>\nUunin kest\u00e4v\u00e4<br \/>\nKonepesun kest\u00e4v\u00e4<br \/>\nKoko 40cm x 30cm<\/h5>\n","protected":false},"featured_media":2919,"template":"","meta":{"_monsterinsights_skip_tracking":false,"_monsterinsights_sitenote_active":false,"_monsterinsights_sitenote_note":"","_monsterinsights_sitenote_category":0,"_uf_show_specific_survey":0,"_uf_disable_surveys":false},"product_brand":[],"product_cat":[60,67],"product_tag":[],"class_list":{"0":"post-2622","1":"product","2":"type-product","3":"status-publish","4":"has-post-thumbnail","6":"product_cat-kaikki","7":"product_cat-keitti","9":"first","10":"instock","11":"taxable","12":"shipping-taxable","13":"purchasable","14":"product-type-simple"},"aioseo_notices":[],"_links":{"self":[{"href":"https:\/\/alepuoti.fi\/index.php?rest_route=\/wp\/v2\/product\/2622","targetHints":{"allow":["GET"]}}],"collection":[{"href":"https:\/\/alepuoti.fi\/index.php?rest_route=\/wp\/v2\/product"}],"about":[{"href":"https:\/\/alepuoti.fi\/index.php?rest_route=\/wp\/v2\/types\/product"}],"version-history":[{"count":3,"href":"https:\/\/alepuoti.fi\/index.php?rest_route=\/wp\/v2\/product\/2622\/revisions"}],"predecessor-version":[{"id":3428,"href":"https:\/\/alepuoti.fi\/index.php?rest_route=\/wp\/v2\/product\/2622\/revisions\/3428"}],"wp:featuredmedia":[{"embeddable":true,"href":"https:\/\/alepuoti.fi\/index.php?rest_route=\/wp\/v2\/media\/2919"}],"wp:attachment":[{"href":"https:\/\/alepuoti.fi\/index.php?rest_route=%2Fwp%2Fv2%2Fmedia&parent=2622"}],"wp:term":[{"taxonomy":"product_brand","embeddable":true,"href":"https:\/\/alepuoti.fi\/index.php?rest_route=%2Fwp%2Fv2%2Fproduct_brand&post=2622"},{"taxonomy":"product_cat","embeddable":true,"href":"https:\/\/alepuoti.fi\/index.php?rest_route=%2Fwp%2Fv2%2Fproduct_cat&post=2622"},{"taxonomy":"product_tag","embeddable":true,"href":"https:\/\/alepuoti.fi\/index.php?rest_route=%2Fwp%2Fv2%2Fproduct_tag&post=2622"}],"curies":[{"name":"wp","href":"https:\/\/api.w.org\/{rel}","templated":true}]}}