{"id":2616,"date":"2021-07-06T08:58:34","date_gmt":"2021-07-06T06:58:34","guid":{"rendered":"https:\/\/alepuoti.fi\/product\/kirkasvalolamppu-prego\/"},"modified":"2026-01-30T13:23:39","modified_gmt":"2026-01-30T11:23:39","slug":"kirkasvalolamppu-prego","status":"publish","type":"product","link":"https:\/\/alepuoti.fi\/?product=kirkasvalolamppu-prego","title":{"rendered":"Kirkasvalolamppu Prego"},"content":{"rendered":"","protected":false},"excerpt":{"rendered":"<h5>Kirkasvalolamppu joka simuloi auringonvaloa ja helpottaa kaamosoireita. Vaaka- tai pystyasentoon laitettava. Valoteho jopa 10 000 lux. Sertifioitu l\u00e4\u00e4kinn\u00e4llinen laite. V\u00e4reily- ja UV-vapaa. Mitat: 26x15x1,8 cm. Paino 406g.<\/h5>\n","protected":false},"featured_media":2937,"template":"","meta":{"_monsterinsights_skip_tracking":false,"_monsterinsights_sitenote_active":false,"_monsterinsights_sitenote_note":"","_monsterinsights_sitenote_category":0,"_uf_show_specific_survey":0,"_uf_disable_surveys":false},"product_brand":[],"product_cat":[60,63],"product_tag":[],"class_list":{"0":"post-2616","1":"product","2":"type-product","3":"status-publish","4":"has-post-thumbnail","6":"product_cat-kaikki","7":"product_cat-sisustus","9":"first","10":"instock","11":"sale","12":"taxable","13":"shipping-taxable","14":"purchasable","15":"product-type-simple"},"aioseo_notices":[],"_links":{"self":[{"href":"https:\/\/alepuoti.fi\/index.php?rest_route=\/wp\/v2\/product\/2616","targetHints":{"allow":["GET"]}}],"collection":[{"href":"https:\/\/alepuoti.fi\/index.php?rest_route=\/wp\/v2\/product"}],"about":[{"href":"https:\/\/alepuoti.fi\/index.php?rest_route=\/wp\/v2\/types\/product"}],"version-history":[{"count":3,"href":"https:\/\/alepuoti.fi\/index.php?rest_route=\/wp\/v2\/product\/2616\/revisions"}],"predecessor-version":[{"id":3621,"href":"https:\/\/alepuoti.fi\/index.php?rest_route=\/wp\/v2\/product\/2616\/revisions\/3621"}],"wp:featuredmedia":[{"embeddable":true,"href":"https:\/\/alepuoti.fi\/index.php?rest_route=\/wp\/v2\/media\/2937"}],"wp:attachment":[{"href":"https:\/\/alepuoti.fi\/index.php?rest_route=%2Fwp%2Fv2%2Fmedia&parent=2616"}],"wp:term":[{"taxonomy":"product_brand","embeddable":true,"href":"https:\/\/alepuoti.fi\/index.php?rest_route=%2Fwp%2Fv2%2Fproduct_brand&post=2616"},{"taxonomy":"product_cat","embeddable":true,"href":"https:\/\/alepuoti.fi\/index.php?rest_route=%2Fwp%2Fv2%2Fproduct_cat&post=2616"},{"taxonomy":"product_tag","embeddable":true,"href":"https:\/\/alepuoti.fi\/index.php?rest_route=%2Fwp%2Fv2%2Fproduct_tag&post=2616"}],"curies":[{"name":"wp","href":"https:\/\/api.w.org\/{rel}","templated":true}]}}