{"id":2614,"date":"2021-07-06T08:58:33","date_gmt":"2021-07-06T06:58:33","guid":{"rendered":"https:\/\/alepuoti.fi\/product\/matkalautapeli-arvaa-kuka\/"},"modified":"2026-01-30T13:28:36","modified_gmt":"2026-01-30T11:28:36","slug":"matkalautapeli-arvaa-kuka","status":"publish","type":"product","link":"https:\/\/alepuoti.fi\/?product=matkalautapeli-arvaa-kuka","title":{"rendered":"Matkalautapeli Arvaa kuka?"},"content":{"rendered":"","protected":false},"excerpt":{"rendered":"<h5>Arvaa kuka -matkaversio. Alkuper\u00e4inen arvauspeli, joka on hetkess\u00e4 valmis pelattavaksi! Kompaktia, kannettavaa peli\u00e4 voi pelata lomalla, automatkalla tai ihan miss\u00e4 ja milloin tahansa.<br \/>\n2 pelaajaa<br \/>\nIk\u00e4suositus 6+<\/h5>\n","protected":false},"featured_media":2950,"template":"","meta":{"_monsterinsights_skip_tracking":false,"_monsterinsights_sitenote_active":false,"_monsterinsights_sitenote_note":"","_monsterinsights_sitenote_category":0,"_uf_show_specific_survey":0,"_uf_disable_surveys":false},"product_brand":[],"product_cat":[60,62],"product_tag":[],"class_list":{"0":"post-2614","1":"product","2":"type-product","3":"status-publish","4":"has-post-thumbnail","6":"product_cat-kaikki","7":"product_cat-vapaa-aika","9":"first","10":"instock","11":"taxable","12":"shipping-taxable","13":"purchasable","14":"product-type-simple"},"aioseo_notices":[],"_links":{"self":[{"href":"https:\/\/alepuoti.fi\/index.php?rest_route=\/wp\/v2\/product\/2614","targetHints":{"allow":["GET"]}}],"collection":[{"href":"https:\/\/alepuoti.fi\/index.php?rest_route=\/wp\/v2\/product"}],"about":[{"href":"https:\/\/alepuoti.fi\/index.php?rest_route=\/wp\/v2\/types\/product"}],"version-history":[{"count":4,"href":"https:\/\/alepuoti.fi\/index.php?rest_route=\/wp\/v2\/product\/2614\/revisions"}],"predecessor-version":[{"id":3414,"href":"https:\/\/alepuoti.fi\/index.php?rest_route=\/wp\/v2\/product\/2614\/revisions\/3414"}],"wp:featuredmedia":[{"embeddable":true,"href":"https:\/\/alepuoti.fi\/index.php?rest_route=\/wp\/v2\/media\/2950"}],"wp:attachment":[{"href":"https:\/\/alepuoti.fi\/index.php?rest_route=%2Fwp%2Fv2%2Fmedia&parent=2614"}],"wp:term":[{"taxonomy":"product_brand","embeddable":true,"href":"https:\/\/alepuoti.fi\/index.php?rest_route=%2Fwp%2Fv2%2Fproduct_brand&post=2614"},{"taxonomy":"product_cat","embeddable":true,"href":"https:\/\/alepuoti.fi\/index.php?rest_route=%2Fwp%2Fv2%2Fproduct_cat&post=2614"},{"taxonomy":"product_tag","embeddable":true,"href":"https:\/\/alepuoti.fi\/index.php?rest_route=%2Fwp%2Fv2%2Fproduct_tag&post=2614"}],"curies":[{"name":"wp","href":"https:\/\/api.w.org\/{rel}","templated":true}]}}