{"id":2602,"date":"2021-07-06T08:58:30","date_gmt":"2021-07-06T06:58:30","guid":{"rendered":"https:\/\/alepuoti.fi\/product\/silytysskki-muotoiltu-juuttia\/"},"modified":"2026-01-26T11:09:00","modified_gmt":"2026-01-26T09:09:00","slug":"silytysskki-muotoiltu-juuttia","status":"publish","type":"product","link":"https:\/\/alepuoti.fi\/?product=silytysskki-muotoiltu-juuttia","title":{"rendered":"S\u00e4ilytyss\u00e4kki muotoiltu, juuttia"},"content":{"rendered":"","protected":false},"excerpt":{"rendered":"<h5>Muotoiltu s\u00e4ilytyss\u00e4kki<br \/>\nMateriaali: juuttia<br \/>\nKorkeus: 50 cm<br \/>\nHalkaisija: 30 cm<\/h5>\n","protected":false},"featured_media":3163,"template":"","meta":{"_monsterinsights_skip_tracking":false,"_monsterinsights_sitenote_active":false,"_monsterinsights_sitenote_note":"","_monsterinsights_sitenote_category":0,"_uf_show_specific_survey":0,"_uf_disable_surveys":false},"product_brand":[],"product_cat":[60,63],"product_tag":[],"class_list":{"0":"post-2602","1":"product","2":"type-product","3":"status-publish","4":"has-post-thumbnail","6":"product_cat-kaikki","7":"product_cat-sisustus","9":"first","10":"instock","11":"taxable","12":"shipping-taxable","13":"purchasable","14":"product-type-simple"},"aioseo_notices":[],"_links":{"self":[{"href":"https:\/\/alepuoti.fi\/index.php?rest_route=\/wp\/v2\/product\/2602","targetHints":{"allow":["GET"]}}],"collection":[{"href":"https:\/\/alepuoti.fi\/index.php?rest_route=\/wp\/v2\/product"}],"about":[{"href":"https:\/\/alepuoti.fi\/index.php?rest_route=\/wp\/v2\/types\/product"}],"version-history":[{"count":6,"href":"https:\/\/alepuoti.fi\/index.php?rest_route=\/wp\/v2\/product\/2602\/revisions"}],"predecessor-version":[{"id":3356,"href":"https:\/\/alepuoti.fi\/index.php?rest_route=\/wp\/v2\/product\/2602\/revisions\/3356"}],"wp:featuredmedia":[{"embeddable":true,"href":"https:\/\/alepuoti.fi\/index.php?rest_route=\/wp\/v2\/media\/3163"}],"wp:attachment":[{"href":"https:\/\/alepuoti.fi\/index.php?rest_route=%2Fwp%2Fv2%2Fmedia&parent=2602"}],"wp:term":[{"taxonomy":"product_brand","embeddable":true,"href":"https:\/\/alepuoti.fi\/index.php?rest_route=%2Fwp%2Fv2%2Fproduct_brand&post=2602"},{"taxonomy":"product_cat","embeddable":true,"href":"https:\/\/alepuoti.fi\/index.php?rest_route=%2Fwp%2Fv2%2Fproduct_cat&post=2602"},{"taxonomy":"product_tag","embeddable":true,"href":"https:\/\/alepuoti.fi\/index.php?rest_route=%2Fwp%2Fv2%2Fproduct_tag&post=2602"}],"curies":[{"name":"wp","href":"https:\/\/api.w.org\/{rel}","templated":true}]}}