{"id":2598,"date":"2021-07-06T08:58:29","date_gmt":"2021-07-06T06:58:29","guid":{"rendered":"https:\/\/alepuoti.fi\/product\/veto-kylm-kuumalaukku-thermos\/"},"modified":"2026-01-26T11:09:41","modified_gmt":"2026-01-26T09:09:41","slug":"veto-kylm-kuumalaukku-thermos","status":"publish","type":"product","link":"https:\/\/alepuoti.fi\/?product=veto-kylm-kuumalaukku-thermos","title":{"rendered":"Vedett\u00e4v\u00e4 kylm\u00e4-\/kuumalaukku"},"content":{"rendered":"","protected":false},"excerpt":{"rendered":"","protected":false},"featured_media":3149,"template":"","meta":{"_monsterinsights_skip_tracking":false,"_monsterinsights_sitenote_active":false,"_monsterinsights_sitenote_note":"","_monsterinsights_sitenote_category":0,"_uf_show_specific_survey":0,"_uf_disable_surveys":false},"product_brand":[],"product_cat":[60,62],"product_tag":[],"class_list":{"0":"post-2598","1":"product","2":"type-product","3":"status-publish","4":"has-post-thumbnail","6":"product_cat-kaikki","7":"product_cat-vapaa-aika","9":"first","10":"instock","11":"taxable","12":"shipping-taxable","13":"purchasable","14":"product-type-simple"},"aioseo_notices":[],"_links":{"self":[{"href":"https:\/\/alepuoti.fi\/index.php?rest_route=\/wp\/v2\/product\/2598","targetHints":{"allow":["GET"]}}],"collection":[{"href":"https:\/\/alepuoti.fi\/index.php?rest_route=\/wp\/v2\/product"}],"about":[{"href":"https:\/\/alepuoti.fi\/index.php?rest_route=\/wp\/v2\/types\/product"}],"version-history":[{"count":2,"href":"https:\/\/alepuoti.fi\/index.php?rest_route=\/wp\/v2\/product\/2598\/revisions"}],"predecessor-version":[{"id":3290,"href":"https:\/\/alepuoti.fi\/index.php?rest_route=\/wp\/v2\/product\/2598\/revisions\/3290"}],"wp:featuredmedia":[{"embeddable":true,"href":"https:\/\/alepuoti.fi\/index.php?rest_route=\/wp\/v2\/media\/3149"}],"wp:attachment":[{"href":"https:\/\/alepuoti.fi\/index.php?rest_route=%2Fwp%2Fv2%2Fmedia&parent=2598"}],"wp:term":[{"taxonomy":"product_brand","embeddable":true,"href":"https:\/\/alepuoti.fi\/index.php?rest_route=%2Fwp%2Fv2%2Fproduct_brand&post=2598"},{"taxonomy":"product_cat","embeddable":true,"href":"https:\/\/alepuoti.fi\/index.php?rest_route=%2Fwp%2Fv2%2Fproduct_cat&post=2598"},{"taxonomy":"product_tag","embeddable":true,"href":"https:\/\/alepuoti.fi\/index.php?rest_route=%2Fwp%2Fv2%2Fproduct_tag&post=2598"}],"curies":[{"name":"wp","href":"https:\/\/api.w.org\/{rel}","templated":true}]}}