{"id":2595,"date":"2021-07-06T08:58:29","date_gmt":"2021-07-06T06:58:29","guid":{"rendered":"https:\/\/alepuoti.fi\/product\/retkikeitin-jetboil-zip-08l\/"},"modified":"2026-01-26T11:10:15","modified_gmt":"2026-01-26T09:10:15","slug":"retkikeitin-jetboil-zip-08l","status":"publish","type":"product","link":"https:\/\/alepuoti.fi\/?product=retkikeitin-jetboil-zip-08l","title":{"rendered":"Retkikeitin Jetboil Zip 0,8L"},"content":{"rendered":"","protected":false},"excerpt":{"rendered":"<p>Jetboil Zip on 0,8L matkakeitin, jonka osat pakkautuvat sis\u00e4kk\u00e4in pieneksi pakkaukseksi. Kompaktia retkikeitint\u00e4 on helppo, nopea ja turvallinen k\u00e4ytt\u00e4\u00e4.<\/p>\n<p>Patentoitu, tuulisuojattu FluxRing-pohja siirt\u00e4\u00e4 l\u00e4mm\u00f6n tehokkaasti ja tasaisesti kuppiin. L\u00e4mm\u00f6nsiirtokapasiteetti 4 500 BTU (0,9 kW), jolla keitin keitt\u00e4\u00e4 0,5 l vett\u00e4 kiehuvaksi 2 min 30 sekunnissa. Eristetty kahvallinen keittoastia toimii my\u00f6s juomakuppina. Neopreenieristesukka ulkopinnassa tekee k\u00e4yt\u00f6st\u00e4 turvallisempaa ja s\u00e4\u00e4st\u00e4\u00e4 kaasua. Yleisimpien valmistajien tavalliset retkikeitinkaasut sopivat Jetboil-polttimen standardikierteeseen.100 g Jetboil Jetpower -kaasus\u00e4ili\u00f6llisell\u00e4 keitt\u00e4\u00e4 jopa 12 litraa vett\u00e4 ja s\u00e4ili\u00f6 mahtuu keittimen sis\u00e4\u00e4n kaikkien muiden osien lis\u00e4ksi.<\/p>\n<p>Korkeus pakattuna: 165mm<\/p>\n<p>Sis\u00e4halkaisija: 95mm<\/p>\n","protected":false},"featured_media":3012,"template":"","meta":{"_monsterinsights_skip_tracking":false,"_monsterinsights_sitenote_active":false,"_monsterinsights_sitenote_note":"","_monsterinsights_sitenote_category":0,"_uf_show_specific_survey":0,"_uf_disable_surveys":false},"product_brand":[],"product_cat":[60,62],"product_tag":[],"class_list":{"0":"post-2595","1":"product","2":"type-product","3":"status-publish","4":"has-post-thumbnail","6":"product_cat-kaikki","7":"product_cat-vapaa-aika","9":"first","10":"instock","11":"taxable","12":"shipping-taxable","13":"purchasable","14":"product-type-simple"},"aioseo_notices":[],"_links":{"self":[{"href":"https:\/\/alepuoti.fi\/index.php?rest_route=\/wp\/v2\/product\/2595","targetHints":{"allow":["GET"]}}],"collection":[{"href":"https:\/\/alepuoti.fi\/index.php?rest_route=\/wp\/v2\/product"}],"about":[{"href":"https:\/\/alepuoti.fi\/index.php?rest_route=\/wp\/v2\/types\/product"}],"version-history":[{"count":5,"href":"https:\/\/alepuoti.fi\/index.php?rest_route=\/wp\/v2\/product\/2595\/revisions"}],"predecessor-version":[{"id":3632,"href":"https:\/\/alepuoti.fi\/index.php?rest_route=\/wp\/v2\/product\/2595\/revisions\/3632"}],"wp:featuredmedia":[{"embeddable":true,"href":"https:\/\/alepuoti.fi\/index.php?rest_route=\/wp\/v2\/media\/3012"}],"wp:attachment":[{"href":"https:\/\/alepuoti.fi\/index.php?rest_route=%2Fwp%2Fv2%2Fmedia&parent=2595"}],"wp:term":[{"taxonomy":"product_brand","embeddable":true,"href":"https:\/\/alepuoti.fi\/index.php?rest_route=%2Fwp%2Fv2%2Fproduct_brand&post=2595"},{"taxonomy":"product_cat","embeddable":true,"href":"https:\/\/alepuoti.fi\/index.php?rest_route=%2Fwp%2Fv2%2Fproduct_cat&post=2595"},{"taxonomy":"product_tag","embeddable":true,"href":"https:\/\/alepuoti.fi\/index.php?rest_route=%2Fwp%2Fv2%2Fproduct_tag&post=2595"}],"curies":[{"name":"wp","href":"https:\/\/api.w.org\/{rel}","templated":true}]}}