{"id":2593,"date":"2021-07-06T08:58:29","date_gmt":"2021-07-06T06:58:29","guid":{"rendered":"https:\/\/alepuoti.fi\/product\/vesisili-platypus-platy-40l\/"},"modified":"2026-04-11T17:48:52","modified_gmt":"2026-04-11T15:48:52","slug":"vesisili-platypus-platy-40l","status":"publish","type":"product","link":"https:\/\/alepuoti.fi\/?product=vesisili-platypus-platy-40l","title":{"rendered":"Vesis\u00e4ili\u00f6 Platypus Platy, 4L"},"content":{"rendered":"","protected":false},"excerpt":{"rendered":"<h5>T\u00e4ss\u00e4 vesis\u00e4ili\u00f6ss\u00e4 kannat vett\u00e4 k\u00e4tev\u00e4sti vaelluksillasi. S\u00e4ili\u00f6ss\u00e4 on Big Zip -aukko ja sen voi helposti pakata pieneen tilaan.<br \/>\nMateriaali:\u00a0Polyuretaani \/ Polyetyleeni<br \/>\nTilavuus: 4 litraa<br \/>\nPaino: 0,10 kg<br \/>\nKoko: 21 x 41 cm<\/h5>\n","protected":false},"featured_media":3164,"template":"","meta":{"_monsterinsights_skip_tracking":false,"_monsterinsights_sitenote_active":false,"_monsterinsights_sitenote_note":"","_monsterinsights_sitenote_category":0,"_uf_show_specific_survey":0,"_uf_disable_surveys":false},"product_brand":[],"product_cat":[60,62],"product_tag":[],"class_list":{"0":"post-2593","1":"product","2":"type-product","3":"status-publish","4":"has-post-thumbnail","6":"product_cat-kaikki","7":"product_cat-vapaa-aika","9":"first","10":"instock","11":"taxable","12":"shipping-taxable","13":"purchasable","14":"product-type-simple"},"aioseo_notices":[],"_links":{"self":[{"href":"https:\/\/alepuoti.fi\/index.php?rest_route=\/wp\/v2\/product\/2593","targetHints":{"allow":["GET"]}}],"collection":[{"href":"https:\/\/alepuoti.fi\/index.php?rest_route=\/wp\/v2\/product"}],"about":[{"href":"https:\/\/alepuoti.fi\/index.php?rest_route=\/wp\/v2\/types\/product"}],"version-history":[{"count":3,"href":"https:\/\/alepuoti.fi\/index.php?rest_route=\/wp\/v2\/product\/2593\/revisions"}],"predecessor-version":[{"id":3423,"href":"https:\/\/alepuoti.fi\/index.php?rest_route=\/wp\/v2\/product\/2593\/revisions\/3423"}],"wp:featuredmedia":[{"embeddable":true,"href":"https:\/\/alepuoti.fi\/index.php?rest_route=\/wp\/v2\/media\/3164"}],"wp:attachment":[{"href":"https:\/\/alepuoti.fi\/index.php?rest_route=%2Fwp%2Fv2%2Fmedia&parent=2593"}],"wp:term":[{"taxonomy":"product_brand","embeddable":true,"href":"https:\/\/alepuoti.fi\/index.php?rest_route=%2Fwp%2Fv2%2Fproduct_brand&post=2593"},{"taxonomy":"product_cat","embeddable":true,"href":"https:\/\/alepuoti.fi\/index.php?rest_route=%2Fwp%2Fv2%2Fproduct_cat&post=2593"},{"taxonomy":"product_tag","embeddable":true,"href":"https:\/\/alepuoti.fi\/index.php?rest_route=%2Fwp%2Fv2%2Fproduct_tag&post=2593"}],"curies":[{"name":"wp","href":"https:\/\/api.w.org\/{rel}","templated":true}]}}