{"id":355,"date":"2015-08-12T12:07:32","date_gmt":"2015-08-12T12:07:32","guid":{"rendered":"http:\/\/savoy.nordicmade.com\/?page_id=355"},"modified":"2015-08-12T12:07:32","modified_gmt":"2015-08-12T12:07:32","slug":"order-tracking","status":"publish","type":"page","link":"https:\/\/alepuoti.fi\/?page_id=355","title":{"rendered":"Order Tracking"},"content":{"rendered":"<div class=\"woocommerce\">\r\n<style type=\"text\/css\">\r\n\t.woocommerce-error { margin: 55px auto -9px; text-align: center; }\r\n\t@media all and (max-width: 550px) { .woocommerce-error { margin-bottom: -36px; } }\r\n<\/style>\r\n\r\n<div class=\"nm-order-track\">\r\n    <div class=\"nm-order-track-top\">\r\n        <h1>Order Tracking<\/h1>\r\n        \r\n\t\t<p>Kun haluat seurata tilauksen etenemist\u00e4, kirjoita tilausnumero alla olevaan kentt\u00e4\u00e4n ja paina &quot;Seuraa&quot; painiketta. Tilausnumero on kuitissa ja tilausvahvistuksessa jonka olisi pit\u00e4nyt saapua sinulle.<\/p>        \r\n    <\/div>\r\n    \r\n    <div class=\"nm-order-track-form\">\r\n        <form action=\"https:\/\/alepuoti.fi\/?page_id=355\" method=\"post\" class=\"woocommerce-form woocommerce-form-track-order track_order\">\r\n            \r\n                        \r\n            <p class=\"form-row form-row-wide\"><label for=\"orderid\">Tilausnumero (ID)<\/label> <input class=\"input-text\" type=\"text\" name=\"orderid\" id=\"orderid\" value=\"\" placeholder=\"l\u00f6ytyy tilausvahvistuksesta joka l\u00e4hetettiin s\u00e4hk\u00f6postiin.\" \/><\/p>\r\n            <p class=\"form-row form-row-wide\"><label for=\"order_email\">S\u00e4hk\u00f6posti laskutusta varten<\/label> <input class=\"input-text\" type=\"text\" name=\"order_email\" id=\"order_email\" value=\"\" placeholder=\"S\u00e4hk\u00f6posti, jota k\u00e4ytettiin maksaessa\" \/><\/p>\r\n            \r\n                        \r\n            <p class=\"form-actions\"><button type=\"submit\" class=\"button\" name=\"track\" value=\"Seuraa\">Seuraa<\/button><\/p>\r\n            <input type=\"hidden\" id=\"woocommerce-order-tracking-nonce\" name=\"woocommerce-order-tracking-nonce\" value=\"8fbe027732\" \/><input type=\"hidden\" name=\"_wp_http_referer\" value=\"\/index.php?rest_route=%2Fwp%2Fv2%2Fpages%2F355\" \/>            \r\n                        \r\n        <\/form>\r\n    <\/div>\r\n<\/div><\/div>\n","protected":false},"excerpt":{"rendered":"","protected":false},"author":1,"featured_media":0,"parent":0,"menu_order":0,"comment_status":"closed","ping_status":"closed","template":"","meta":{"_monsterinsights_skip_tracking":false,"_monsterinsights_sitenote_active":false,"_monsterinsights_sitenote_note":"","_monsterinsights_sitenote_category":0,"_uf_show_specific_survey":0,"_uf_disable_surveys":false,"footnotes":""},"class_list":["post-355","page","type-page","status-publish","hentry"],"aioseo_notices":[],"amp_enabled":true,"_links":{"self":[{"href":"https:\/\/alepuoti.fi\/index.php?rest_route=\/wp\/v2\/pages\/355","targetHints":{"allow":["GET"]}}],"collection":[{"href":"https:\/\/alepuoti.fi\/index.php?rest_route=\/wp\/v2\/pages"}],"about":[{"href":"https:\/\/alepuoti.fi\/index.php?rest_route=\/wp\/v2\/types\/page"}],"author":[{"embeddable":true,"href":"https:\/\/alepuoti.fi\/index.php?rest_route=\/wp\/v2\/users\/1"}],"replies":[{"embeddable":true,"href":"https:\/\/alepuoti.fi\/index.php?rest_route=%2Fwp%2Fv2%2Fcomments&post=355"}],"version-history":[{"count":0,"href":"https:\/\/alepuoti.fi\/index.php?rest_route=\/wp\/v2\/pages\/355\/revisions"}],"wp:attachment":[{"href":"https:\/\/alepuoti.fi\/index.php?rest_route=%2Fwp%2Fv2%2Fmedia&parent=355"}],"curies":[{"name":"wp","href":"https:\/\/api.w.org\/{rel}","templated":true}]}}