{"id":2906,"date":"2021-09-22T16:53:24","date_gmt":"2021-09-22T14:53:24","guid":{"rendered":"https:\/\/alepuoti.fi\/?page_id=2906"},"modified":"2026-02-19T08:39:40","modified_gmt":"2026-02-19T06:39:40","slug":"elementor-2906","status":"publish","type":"page","link":"https:\/\/alepuoti.fi\/?page_id=2906","title":{"rendered":"Toimitusehdot"},"content":{"rendered":"<h2>Toimitusehdot<\/h2>\n<p>Tuotteiden myyj\u00e4n\u00e4 toimii Tavara-arpa Suomi Oy, joka my\u00f6s toimittaa n\u00e4ilt\u00e4 sivuilta tilattavat tuotteet.<\/p>\n<p>Tavara-arpa Suomi Oy<br \/>Beckerintie 10<br \/>00410 HELSINKI<br \/>Y-tunnus 0841499-6<br \/><a href=\"mailto:info@alepuoti.fi\">info@alepuoti.fi<\/a><br \/><a href=\"http:\/\/www.alepuoti.fi\">www.alepuoti.fi<\/a><\/p>\n<h2>Hinnat<\/h2>\n<p>Tuotteiden hinnat sis\u00e4lt\u00e4v\u00e4t arvonlis\u00e4veron.<\/p>\n<p>Tilaukseen sovelletaan <a href=\"http:\/\/www.alepuoti.fi\">www.alepuoti.fi<\/a> -sivuilla tilaushetkell\u00e4 n\u00e4kyv\u00e4\u00e4 tuotteen hintaa. Hintoihin lis\u00e4t\u00e4\u00e4n toimituskulut 6,90 \u20ac \/ toimitus. Rahtivapaan toimituksen minimisumma on 50,00 \u20ac. Pid\u00e4t\u00e4mme oikeuden hintojen ja toimituskulujen muutoksiin.<\/p>\n<h2>Maksaminen<\/h2>\n<p>Maksaminen onnistuu kaikkien pankkien pankkitunnuksilla ja yleisimmill\u00e4 luottokorteilla. Voit my\u00f6s valita maksutavaksi Klarnan. Klarna tarjoaa sinulle tarkat maksuehdot. Lis\u00e4tietoja tai maksua koskevissa kysymyksiss\u00e4 vieraile <a href=\"https:\/\/www.klarna.com\/fi\/\" target=\"_blank\" rel=\"noopener noreferrer\">Klarnan verkkosivustolla<\/a>.<\/p>\n<p>Maksunv\u00e4lityspalvelun toteuttajana ja maksupalvelun tarjoajana toimii Paytrail Oyj (2122839-7) yhteisty\u00f6ss\u00e4 suomalaisten pankkien ja luottolaitosten kanssa. Paytrail Oyj n\u00e4kyy maksun saajana ja v\u00e4litt\u00e4\u00e4 maksun kauppiaalle. Paytrail Oyj:ll\u00e4 on maksulaitoksen toimilupa.<\/p>\n<p>Paytrail Oyj, y-tunnus: 2122839-7<br \/>Innova 2<br \/>Lutakonaukio 7<br \/>40100 JYV\u00c4SKYL\u00c4<\/p>\n<p>Puhelin: 020\u00a0718 1830<br \/>maksutiedustelut@paytrail.com<\/p>\n<p><a href=\"http:\/\/www.paytrail.com\">www.paytrail.com<\/a><\/p>\n<p>Maksujen ongelmatilanteissa pyyd\u00e4mme ottamaan ensisijaisesti yhteytt\u00e4 Paytrailiin.<\/p>\n<h2>Tilaaminen<\/h2>\n<p>Myymme ja toimitamme tuotteita yksityishenkil\u00f6ille ja yhteis\u00f6ille Suomeen. Tuotteet tilataan verkkokaupassa siirt\u00e4m\u00e4ll\u00e4 ne ostoskoriin ja maksamalla ostoskorin sis\u00e4lt\u00f6 verkkokaupan kassalla. L\u00e4het\u00e4mme tilausvahvistuksen tilauksen yhteydess\u00e4 ilmoitettuun s\u00e4hk\u00f6postiosoitteeseen.<\/p>\n<p>Kaikki asiakastiedot k\u00e4sitell\u00e4\u00e4n luottamuksellisesti. Tilauksen yhteydess\u00e4 kysyttyj\u00e4 yhteystietoja ei luovuteta ulkopuolisille. Yhteystietoja ei k\u00e4ytet\u00e4 muuhun kuin tilauksen toimitukseen tai siin\u00e4 ilmenevien ep\u00e4selvyyksien selvitt\u00e4miseen. Tilatessasi Alepuoti -verkkokaupasta sinun edellytet\u00e4\u00e4n tutustuneen ja sitoutuneen kulloinkin voimassa oleviin toimitusehtoihin.<\/p>\n<h2>Toimitusaika ja toimitustapa<\/h2>\n<p>Tavara-arpa Suomi Oy pyrkii l\u00e4hett\u00e4m\u00e4\u00e4n kaikki tilaukset 1-3 arkip\u00e4iv\u00e4n kuluessa tilauksen vastaanottamisesta, tai v\u00e4hint\u00e4\u00e4nkin kohtuullisessa ajassa. Toimitustapa on Matkahuollon paketti, joka on noudettavissa l\u00e4himm\u00e4st\u00e4 Matkahuollon tai Matkahuollon yhteisty\u00f6kumppanin noutopisteest\u00e4. L\u00e4hetyksen saapumisesta noutopisteeseen ilmoitetaan sinulle s\u00e4hk\u00f6postilla tai tekstiviestill\u00e4.<\/p>\n<h2>Palautusoikeus<\/h2>\n<p>Asiakkaalla on kuluttajasuojalain (Suomen) mukainen 14 p\u00e4iv\u00e4n palautusoikeus.<\/p>\n<p>Palautettavan tuotteen on oltava alkuper\u00e4ispakkauksessaan, t\u00e4ysin k\u00e4ytt\u00e4m\u00e4t\u00f6n sek\u00e4 myyntikelpoinen.<\/p>\n<p>Palautukset tapahtuvat Matkahuollon asiakaspalautuksen kautta. Emme lunasta postiennakolla palautettuja paketteja. Emme vastaanota palautuksia yli 14 vrk tavaran luovutuksesta. Kun palautus on vastaanotettu ja k\u00e4sitelty, rahat palautetaan.<\/p>\n<h2>Virheellinen toimitus tai viallinen tuote<\/h2>\n<p>Ilmoitus virheellisest\u00e4 toimituksesta tai viallisesta tuotteesta on teht\u00e4v\u00e4 14 p\u00e4iv\u00e4n kuluessa tuotteen vastaanottamisesta osoitteeseen <a href=\"mailto:info@alepuoti.fi\">info@alepuoti.fi<\/a><br \/>Palautetun tuotteen vaihto toiseen tuotteeseen ei ole mahdollinen. Pyyd\u00e4mme tekem\u00e4\u00e4n palautuksen j\u00e4lkeen uuden tilauksen.<\/p>\n<h2>Takuu<\/h2>\n<p>Tuotteilla on kuluttajasuojalain ja tuotevastuulain tarkoittama takuu. Mahdollinen takuuaika alkaa tilausvahvistuksen p\u00e4iv\u00e4yksest\u00e4.<\/p>\n<p>Takuuvastuu edellytt\u00e4\u00e4, ett\u00e4 tuotetta on k\u00e4ytetty valmistajan ja myyj\u00e4n ohjeiden mukaisesti. Tavara-arpa Suomi Oy vapautuu takuuvastuusta, mik\u00e4li on todenn\u00e4k\u00f6ist\u00e4, ett\u00e4 tuotteen huonontuminen tai vioittuminen on johtunut kuluttajan toiminnasta. Takuun piiriin eiv\u00e4t kuulu normaalin k\u00e4yt\u00f6n aiheuttamat tuotteen kulumiset.<\/p>\n<p>Aina ennen tuotteen l\u00e4hett\u00e4mist\u00e4 takuuk\u00e4sittelyyn sinun on otettava meihin yhteytt\u00e4 s\u00e4hk\u00f6postilla: <a href=\"mailto:info@alepuoti.fi\">info@alepuoti.fi<\/a> . Yhteydenottosi j\u00e4lkeen annamme lis\u00e4ohjeet takuuk\u00e4sittely\u00e4 varten.<\/p>\n\n\n<p><\/p>\n","protected":false},"excerpt":{"rendered":"<p>Toimitusehdot Tuotteiden myyj\u00e4n\u00e4 toimii Tavara-arpa Suomi Oy, joka my\u00f6s toimittaa n\u00e4ilt\u00e4 sivuilta tilattavat tuotteet. Tavara-arpa Suomi OyBeckerintie 1000410 HELSINKIY-tunnus 0841499-6info@alepuoti.fiwww.alepuoti.fi Hinnat Tuotteiden hinnat sis\u00e4lt\u00e4v\u00e4t arvonlis\u00e4veron. Tilaukseen sovelletaan www.alepuoti.fi -sivuilla tilaushetkell\u00e4 n\u00e4kyv\u00e4\u00e4 tuotteen hintaa. Hintoihin lis\u00e4t\u00e4\u00e4n toimituskulut 6,90 \u20ac \/ toimitus. Rahtivapaan toimituksen minimisumma on 50,00 \u20ac. Pid\u00e4t\u00e4mme oikeuden hintojen ja toimituskulujen muutoksiin. Maksaminen Maksaminen onnistuu &hellip;<\/p>\n","protected":false},"author":1,"featured_media":0,"parent":0,"menu_order":0,"comment_status":"closed","ping_status":"closed","template":"","meta":{"_monsterinsights_skip_tracking":false,"_monsterinsights_sitenote_active":false,"_monsterinsights_sitenote_note":"","_monsterinsights_sitenote_category":0,"_uf_show_specific_survey":0,"_uf_disable_surveys":false,"footnotes":""},"class_list":["post-2906","page","type-page","status-publish","hentry"],"aioseo_notices":[],"amp_enabled":true,"_links":{"self":[{"href":"https:\/\/alepuoti.fi\/index.php?rest_route=\/wp\/v2\/pages\/2906","targetHints":{"allow":["GET"]}}],"collection":[{"href":"https:\/\/alepuoti.fi\/index.php?rest_route=\/wp\/v2\/pages"}],"about":[{"href":"https:\/\/alepuoti.fi\/index.php?rest_route=\/wp\/v2\/types\/page"}],"author":[{"embeddable":true,"href":"https:\/\/alepuoti.fi\/index.php?rest_route=\/wp\/v2\/users\/1"}],"replies":[{"embeddable":true,"href":"https:\/\/alepuoti.fi\/index.php?rest_route=%2Fwp%2Fv2%2Fcomments&post=2906"}],"version-history":[{"count":16,"href":"https:\/\/alepuoti.fi\/index.php?rest_route=\/wp\/v2\/pages\/2906\/revisions"}],"predecessor-version":[{"id":4418,"href":"https:\/\/alepuoti.fi\/index.php?rest_route=\/wp\/v2\/pages\/2906\/revisions\/4418"}],"wp:attachment":[{"href":"https:\/\/alepuoti.fi\/index.php?rest_route=%2Fwp%2Fv2%2Fmedia&parent=2906"}],"curies":[{"name":"wp","href":"https:\/\/api.w.org\/{rel}","templated":true}]}}